{"id":1458,"date":"2023-04-25T18:59:33","date_gmt":"2023-04-25T18:59:33","guid":{"rendered":"http:\/\/test.bizea.com.pl\/\/\/\/\/?post_type=product&#038;p=1458"},"modified":"2025-11-04T17:50:00","modified_gmt":"2025-11-04T17:50:00","slug":"90-es-tipusu-acskapcsok","status":"publish","type":"product","link":"https:\/\/betarom-fastening.ro\/hu\/produkt\/zszywki-stolarskie-typ-90\/","title":{"rendered":"90-es t\u00edpus\u00fa \u00e1cskapcsok"},"content":{"rendered":"","protected":false},"excerpt":{"rendered":"Kert\u00e9szeti programok sz\u00e9les sk\u00e1l\u00e1j\u00e1hoz, fa csomagol\u00e1shoz \u00e9s \u00e1ltal\u00e1nos asztalos munk\u00e1khoz k\u00e9sz\u00fclt kapcsok. A keskeny gerinc er\u0151s \u00e9s l\u00e1thatatlan kapcsolatot biztos\u00edt. Megfelel\u00e9s a PN-EN 14592 (EC 5) szabv\u00e1nynak a faszerkezetekre vonatkoz\u00f3an.","protected":false},"featured_media":5321,"comment_status":"open","ping_status":"closed","template":"","meta":{"inline_featured_image":false},"product_brand":[],"product_cat":[26],"product_tag":[],"branze":[],"class_list":{"0":"post-1458","1":"product","2":"type-product","3":"status-publish","4":"has-post-thumbnail","6":"product_cat-zszywki-zszywacze","8":"first","9":"instock","10":"shipping-taxable","11":"product-type-simple"},"acf":[],"_links":{"self":[{"href":"https:\/\/betarom-fastening.ro\/hu\/wp-json\/wp\/v2\/product\/1458","targetHints":{"allow":["GET"]}}],"collection":[{"href":"https:\/\/betarom-fastening.ro\/hu\/wp-json\/wp\/v2\/product"}],"about":[{"href":"https:\/\/betarom-fastening.ro\/hu\/wp-json\/wp\/v2\/types\/product"}],"replies":[{"embeddable":true,"href":"https:\/\/betarom-fastening.ro\/hu\/wp-json\/wp\/v2\/comments?post=1458"}],"wp:featuredmedia":[{"embeddable":true,"href":"https:\/\/betarom-fastening.ro\/hu\/wp-json\/wp\/v2\/media\/5321"}],"wp:attachment":[{"href":"https:\/\/betarom-fastening.ro\/hu\/wp-json\/wp\/v2\/media?parent=1458"}],"wp:term":[{"taxonomy":"product_brand","embeddable":true,"href":"https:\/\/betarom-fastening.ro\/hu\/wp-json\/wp\/v2\/product_brand?post=1458"},{"taxonomy":"product_cat","embeddable":true,"href":"https:\/\/betarom-fastening.ro\/hu\/wp-json\/wp\/v2\/product_cat?post=1458"},{"taxonomy":"product_tag","embeddable":true,"href":"https:\/\/betarom-fastening.ro\/hu\/wp-json\/wp\/v2\/product_tag?post=1458"},{"taxonomy":"branze","embeddable":true,"href":"https:\/\/betarom-fastening.ro\/hu\/wp-json\/wp\/v2\/branze?post=1458"}],"curies":[{"name":"munkaf\u00fczet","href":"https:\/\/api.w.org\/{rel}","templated":true}]}}