{"id":93064,"date":"2025-07-10T16:09:12","date_gmt":"2025-07-10T16:09:12","guid":{"rendered":"https:\/\/betarom-fastening.ro\/?post_type=product&#038;p=93064"},"modified":"2026-03-02T12:51:35","modified_gmt":"2026-03-02T12:51:35","slug":"pistolj-za-ljepilo-bea-297","status":"publish","type":"product","link":"https:\/\/betarom-fastening.ro\/hr\/produkt\/pistolet-klejowy-bea-297\/","title":{"rendered":"BeA 297 pi\u0161tolj za ljepilo"},"content":{"rendered":"","protected":false},"excerpt":{"rendered":"Przemys\u0142owy, uniwersalny pistolet do klej\u00f3w topliwych \u2013 wk\u0142ady 12 mm.\r\n\r\nPolecany wsz\u0119dzie tam gdzie stosowane s\u0105 stosunkowo niewielkie ilo\u015bci kleju.\r\n\r\nZamykanie opakowa\u0144 tekturowych, wiele r\u00f3\u017cnych prac monta\u017cowych w przemy\u015ble i wystawiennictwie.","protected":false},"featured_media":158275,"comment_status":"open","ping_status":"closed","template":"","meta":{"inline_featured_image":false},"product_brand":[],"product_cat":[410],"product_tag":[],"branze":[],"class_list":{"0":"post-93064","1":"product","2":"type-product","3":"status-publish","4":"has-post-thumbnail","6":"product_cat-pistolety-do-wkladow-o12-mm","8":"first","9":"instock","10":"shipping-taxable","11":"product-type-simple"},"acf":[],"_links":{"self":[{"href":"https:\/\/betarom-fastening.ro\/hr\/wp-json\/wp\/v2\/product\/93064","targetHints":{"allow":["GET"]}}],"collection":[{"href":"https:\/\/betarom-fastening.ro\/hr\/wp-json\/wp\/v2\/product"}],"about":[{"href":"https:\/\/betarom-fastening.ro\/hr\/wp-json\/wp\/v2\/types\/product"}],"replies":[{"embeddable":true,"href":"https:\/\/betarom-fastening.ro\/hr\/wp-json\/wp\/v2\/comments?post=93064"}],"wp:featuredmedia":[{"embeddable":true,"href":"https:\/\/betarom-fastening.ro\/hr\/wp-json\/wp\/v2\/media\/158275"}],"wp:attachment":[{"href":"https:\/\/betarom-fastening.ro\/hr\/wp-json\/wp\/v2\/media?parent=93064"}],"wp:term":[{"taxonomy":"product_brand","embeddable":true,"href":"https:\/\/betarom-fastening.ro\/hr\/wp-json\/wp\/v2\/product_brand?post=93064"},{"taxonomy":"product_cat","embeddable":true,"href":"https:\/\/betarom-fastening.ro\/hr\/wp-json\/wp\/v2\/product_cat?post=93064"},{"taxonomy":"product_tag","embeddable":true,"href":"https:\/\/betarom-fastening.ro\/hr\/wp-json\/wp\/v2\/product_tag?post=93064"},{"taxonomy":"branze","embeddable":true,"href":"https:\/\/betarom-fastening.ro\/hr\/wp-json\/wp\/v2\/branze?post=93064"}],"curies":[{"name":"radni list","href":"https:\/\/api.w.org\/{rel}","templated":true}]}}