{"id":5819,"date":"2025-01-19T18:49:50","date_gmt":"2025-01-19T18:49:50","guid":{"rendered":"https:\/\/betarom-fastening.ro\/?post_type=product&#038;p=5819"},"modified":"2025-01-19T18:49:50","modified_gmt":"2025-01-19T18:49:50","slug":"rastezljive-folije","status":"publish","type":"product","link":"https:\/\/betarom-fastening.ro\/hr\/produkt\/folie-stretch\/","title":{"rendered":"Stre\u010d folije"},"content":{"rendered":"","protected":false},"excerpt":{"rendered":"Stre\u010d folija se koristi za pakiranje, omatanje i osiguranje paletiziranih tereta. Mo\u017ee se koristiti i za omatanje manjih paketa i rasutih predmeta. \u2013 Izdr\u017eljiva i fleksibilna \u2013 idealna za u\u010dinkovito i izdr\u017eljivo pakiranje. \u2013 Sna\u017eno prianjanje \u2013 savr\u0161eno prianja na pakirane predmete, pru\u017eaju\u0107i izvrsnu pokrivenost. \u2013 \u0160irok raspon opcija: ru\u010dne i strojne folije, s tubama i bez tuba, razli\u010ditih veli\u010dina i te\u017eina te boja: prozirna i crna.","protected":false},"featured_media":5820,"comment_status":"open","ping_status":"closed","template":"","meta":{"inline_featured_image":false},"product_brand":[],"product_cat":[418],"product_tag":[],"branze":[],"class_list":{"0":"post-5819","1":"product","2":"type-product","3":"status-publish","4":"has-post-thumbnail","6":"product_cat-folie-stretch","8":"first","9":"instock","10":"shipping-taxable","11":"product-type-simple"},"acf":[],"_links":{"self":[{"href":"https:\/\/betarom-fastening.ro\/hr\/wp-json\/wp\/v2\/product\/5819","targetHints":{"allow":["GET"]}}],"collection":[{"href":"https:\/\/betarom-fastening.ro\/hr\/wp-json\/wp\/v2\/product"}],"about":[{"href":"https:\/\/betarom-fastening.ro\/hr\/wp-json\/wp\/v2\/types\/product"}],"replies":[{"embeddable":true,"href":"https:\/\/betarom-fastening.ro\/hr\/wp-json\/wp\/v2\/comments?post=5819"}],"wp:featuredmedia":[{"embeddable":true,"href":"https:\/\/betarom-fastening.ro\/hr\/wp-json\/wp\/v2\/media\/5820"}],"wp:attachment":[{"href":"https:\/\/betarom-fastening.ro\/hr\/wp-json\/wp\/v2\/media?parent=5819"}],"wp:term":[{"taxonomy":"product_brand","embeddable":true,"href":"https:\/\/betarom-fastening.ro\/hr\/wp-json\/wp\/v2\/product_brand?post=5819"},{"taxonomy":"product_cat","embeddable":true,"href":"https:\/\/betarom-fastening.ro\/hr\/wp-json\/wp\/v2\/product_cat?post=5819"},{"taxonomy":"product_tag","embeddable":true,"href":"https:\/\/betarom-fastening.ro\/hr\/wp-json\/wp\/v2\/product_tag?post=5819"},{"taxonomy":"branze","embeddable":true,"href":"https:\/\/betarom-fastening.ro\/hr\/wp-json\/wp\/v2\/branze?post=5819"}],"curies":[{"name":"radni list","href":"https:\/\/api.w.org\/{rel}","templated":true}]}}