{"id":5502,"date":"2024-08-06T13:54:48","date_gmt":"2024-08-06T13:54:48","guid":{"rendered":"http:\/\/test.betarom-fastening.ro\/?post_type=product&#038;p=5502"},"modified":"2024-08-06T15:59:59","modified_gmt":"2024-08-06T15:59:59","slug":"vruce-ljepilo-hm-431-sp-43","status":"publish","type":"product","link":"https:\/\/betarom-fastening.ro\/hr\/produkt\/klej-termotopliwy-hm-431-sp-43\/","title":{"rendered":"Vru\u0107e ljepilo HM 431 SP\/43"},"content":{"rendered":"","protected":false},"excerpt":{"rendered":"Do pianki i styropianu.\r\n\r\nKlej w kolorze jasnobe\u017cowym, prze\u017aroczysty, do nanoszenia w postaci \u201espray\u201d czyli spiralnych cienkich nitek tworz\u0105cych na klejonej powierzchni form\u0119 paj\u0119czyny. Nadaje si\u0119 r\u00f3wnie\u017c do nanoszenia w postaci linii i punkt\u00f3w. Posiada d\u0142ugi czas otwarty, odporna i spr\u0119\u017cysta spoina.","protected":false},"featured_media":5533,"comment_status":"open","ping_status":"closed","template":"","meta":{"inline_featured_image":false},"product_brand":[],"product_cat":[406],"product_tag":[],"branze":[],"class_list":{"0":"post-5502","1":"product","2":"type-product","3":"status-publish","4":"has-post-thumbnail","6":"product_cat-rozne-materialy","8":"first","9":"instock","10":"shipping-taxable","11":"product-type-simple"},"acf":[],"_links":{"self":[{"href":"https:\/\/betarom-fastening.ro\/hr\/wp-json\/wp\/v2\/product\/5502","targetHints":{"allow":["GET"]}}],"collection":[{"href":"https:\/\/betarom-fastening.ro\/hr\/wp-json\/wp\/v2\/product"}],"about":[{"href":"https:\/\/betarom-fastening.ro\/hr\/wp-json\/wp\/v2\/types\/product"}],"replies":[{"embeddable":true,"href":"https:\/\/betarom-fastening.ro\/hr\/wp-json\/wp\/v2\/comments?post=5502"}],"wp:featuredmedia":[{"embeddable":true,"href":"https:\/\/betarom-fastening.ro\/hr\/wp-json\/wp\/v2\/media\/5533"}],"wp:attachment":[{"href":"https:\/\/betarom-fastening.ro\/hr\/wp-json\/wp\/v2\/media?parent=5502"}],"wp:term":[{"taxonomy":"product_brand","embeddable":true,"href":"https:\/\/betarom-fastening.ro\/hr\/wp-json\/wp\/v2\/product_brand?post=5502"},{"taxonomy":"product_cat","embeddable":true,"href":"https:\/\/betarom-fastening.ro\/hr\/wp-json\/wp\/v2\/product_cat?post=5502"},{"taxonomy":"product_tag","embeddable":true,"href":"https:\/\/betarom-fastening.ro\/hr\/wp-json\/wp\/v2\/product_tag?post=5502"},{"taxonomy":"branze","embeddable":true,"href":"https:\/\/betarom-fastening.ro\/hr\/wp-json\/wp\/v2\/branze?post=5502"}],"curies":[{"name":"radni list","href":"https:\/\/api.w.org\/{rel}","templated":true}]}}