{"id":5477,"date":"2024-08-06T13:32:31","date_gmt":"2024-08-06T13:32:31","guid":{"rendered":"http:\/\/test.betarom-fastening.ro\/?post_type=product&#038;p=5477"},"modified":"2024-08-06T15:07:24","modified_gmt":"2024-08-06T15:07:24","slug":"vruce-ljepilo-hm-532-43","status":"publish","type":"product","link":"https:\/\/betarom-fastening.ro\/hr\/produkt\/klej-termotopliwy-hm-532-43\/","title":{"rendered":"Vru\u0107e ljepilo HM 532\/43"},"content":{"rendered":"","protected":false},"excerpt":{"rendered":"Do og\u00f3lnych zastosowa\u0144.\r\n\r\nBezbarwny, EVA, szybkowi\u0105\u017c\u0105cy, o du\u017cej lepko\u015bci, ekonomiczny.","protected":false},"featured_media":5509,"comment_status":"open","ping_status":"closed","template":"","meta":{"inline_featured_image":false},"product_brand":[],"product_cat":[404,406,407],"product_tag":[],"branze":[],"class_list":{"0":"post-5477","1":"product","2":"type-product","3":"status-publish","4":"has-post-thumbnail","6":"product_cat-opakowania","7":"product_cat-rozne-materialy","8":"product_cat-florystyka-i-diy","10":"first","11":"instock","12":"shipping-taxable","13":"product-type-simple"},"acf":[],"_links":{"self":[{"href":"https:\/\/betarom-fastening.ro\/hr\/wp-json\/wp\/v2\/product\/5477","targetHints":{"allow":["GET"]}}],"collection":[{"href":"https:\/\/betarom-fastening.ro\/hr\/wp-json\/wp\/v2\/product"}],"about":[{"href":"https:\/\/betarom-fastening.ro\/hr\/wp-json\/wp\/v2\/types\/product"}],"replies":[{"embeddable":true,"href":"https:\/\/betarom-fastening.ro\/hr\/wp-json\/wp\/v2\/comments?post=5477"}],"wp:featuredmedia":[{"embeddable":true,"href":"https:\/\/betarom-fastening.ro\/hr\/wp-json\/wp\/v2\/media\/5509"}],"wp:attachment":[{"href":"https:\/\/betarom-fastening.ro\/hr\/wp-json\/wp\/v2\/media?parent=5477"}],"wp:term":[{"taxonomy":"product_brand","embeddable":true,"href":"https:\/\/betarom-fastening.ro\/hr\/wp-json\/wp\/v2\/product_brand?post=5477"},{"taxonomy":"product_cat","embeddable":true,"href":"https:\/\/betarom-fastening.ro\/hr\/wp-json\/wp\/v2\/product_cat?post=5477"},{"taxonomy":"product_tag","embeddable":true,"href":"https:\/\/betarom-fastening.ro\/hr\/wp-json\/wp\/v2\/product_tag?post=5477"},{"taxonomy":"branze","embeddable":true,"href":"https:\/\/betarom-fastening.ro\/hr\/wp-json\/wp\/v2\/branze?post=5477"}],"curies":[{"name":"radni list","href":"https:\/\/api.w.org\/{rel}","templated":true}]}}