{"id":5472,"date":"2024-08-06T13:21:36","date_gmt":"2024-08-06T13:21:36","guid":{"rendered":"http:\/\/test.betarom-fastening.ro\/?post_type=product&#038;p=5472"},"modified":"2025-12-04T15:10:16","modified_gmt":"2025-12-04T15:10:16","slug":"vruce-ljepilo-hm-502-12","status":"publish","type":"product","link":"https:\/\/betarom-fastening.ro\/hr\/produkt\/klej-termotopliwy-hm-502-12\/","title":{"rendered":"Vru\u0107e ljepilo HM 502\/12"},"content":{"rendered":"","protected":false},"excerpt":{"rendered":"Do papieru, tektury i p\u0142yt pil\u015bniowych.\r\n\r\nKlej w kolorze jasnobe\u017cowym, EVA, nisko wonny, o \u015bredniej lepko\u015bci i kr\u00f3tkim czasie otwartym. Przystosowany do \u0142\u0105czenia opakowa\u0144 tekturowych, kt\u00f3re po sklejeniu zyskuj\u0105 du\u017c\u0105 sztywno\u015b\u0107. Klej pe\u0142ni r\u00f3wnie\u017c funkcj\u0119 plomby i podnosi estetyk\u0119 opakowania.","protected":false},"featured_media":5504,"comment_status":"open","ping_status":"closed","template":"","meta":{"inline_featured_image":false},"product_brand":[],"product_cat":[404],"product_tag":[],"branze":[],"class_list":{"0":"post-5472","1":"product","2":"type-product","3":"status-publish","4":"has-post-thumbnail","6":"product_cat-opakowania","8":"first","9":"instock","10":"shipping-taxable","11":"product-type-simple"},"acf":[],"_links":{"self":[{"href":"https:\/\/betarom-fastening.ro\/hr\/wp-json\/wp\/v2\/product\/5472","targetHints":{"allow":["GET"]}}],"collection":[{"href":"https:\/\/betarom-fastening.ro\/hr\/wp-json\/wp\/v2\/product"}],"about":[{"href":"https:\/\/betarom-fastening.ro\/hr\/wp-json\/wp\/v2\/types\/product"}],"replies":[{"embeddable":true,"href":"https:\/\/betarom-fastening.ro\/hr\/wp-json\/wp\/v2\/comments?post=5472"}],"wp:featuredmedia":[{"embeddable":true,"href":"https:\/\/betarom-fastening.ro\/hr\/wp-json\/wp\/v2\/media\/5504"}],"wp:attachment":[{"href":"https:\/\/betarom-fastening.ro\/hr\/wp-json\/wp\/v2\/media?parent=5472"}],"wp:term":[{"taxonomy":"product_brand","embeddable":true,"href":"https:\/\/betarom-fastening.ro\/hr\/wp-json\/wp\/v2\/product_brand?post=5472"},{"taxonomy":"product_cat","embeddable":true,"href":"https:\/\/betarom-fastening.ro\/hr\/wp-json\/wp\/v2\/product_cat?post=5472"},{"taxonomy":"product_tag","embeddable":true,"href":"https:\/\/betarom-fastening.ro\/hr\/wp-json\/wp\/v2\/product_tag?post=5472"},{"taxonomy":"branze","embeddable":true,"href":"https:\/\/betarom-fastening.ro\/hr\/wp-json\/wp\/v2\/branze?post=5472"}],"curies":[{"name":"radni list","href":"https:\/\/api.w.org\/{rel}","templated":true}]}}