{"id":5415,"date":"2024-08-05T16:33:32","date_gmt":"2024-08-05T16:33:32","guid":{"rendered":"http:\/\/test.betarom-fastening.ro\/?post_type=product&#038;p=5415"},"modified":"2025-07-29T14:15:13","modified_gmt":"2025-07-29T14:15:13","slug":"pp-kopce-za-trake","status":"publish","type":"product","link":"https:\/\/betarom-fastening.ro\/hr\/produkt\/zapinki-do-tasmy-pp\/","title":{"rendered":"PP kop\u010de za trake"},"content":{"rendered":"","protected":false},"excerpt":{"rendered":"<strong>PP kop\u010de za trake<\/strong>,\u00a0 kt\u00f3re utrzymuj\u0105 jej prawid\u0142owy naci\u0105g.\r\n\r\n\u2022 wykonane ze specjalnego drutu NK, odporne na zerwanie\r\n\u2022 posiadaj\u0105 pow\u0142ok\u0119 zabezpieczaj\u0105c\u0105 przed korozj\u0105 \u2013 sprawdz\u0105 si\u0119 w ka\u017cdych warunkach","protected":false},"featured_media":5416,"comment_status":"open","ping_status":"closed","template":"","meta":{"inline_featured_image":false},"product_brand":[],"product_cat":[386],"product_tag":[],"branze":[],"class_list":{"0":"post-5415","1":"product","2":"type-product","3":"status-publish","4":"has-post-thumbnail","6":"product_cat-tasmy-spinajace-pp-i-akcesoria","8":"first","9":"instock","10":"shipping-taxable","11":"product-type-simple"},"acf":[],"_links":{"self":[{"href":"https:\/\/betarom-fastening.ro\/hr\/wp-json\/wp\/v2\/product\/5415","targetHints":{"allow":["GET"]}}],"collection":[{"href":"https:\/\/betarom-fastening.ro\/hr\/wp-json\/wp\/v2\/product"}],"about":[{"href":"https:\/\/betarom-fastening.ro\/hr\/wp-json\/wp\/v2\/types\/product"}],"replies":[{"embeddable":true,"href":"https:\/\/betarom-fastening.ro\/hr\/wp-json\/wp\/v2\/comments?post=5415"}],"wp:featuredmedia":[{"embeddable":true,"href":"https:\/\/betarom-fastening.ro\/hr\/wp-json\/wp\/v2\/media\/5416"}],"wp:attachment":[{"href":"https:\/\/betarom-fastening.ro\/hr\/wp-json\/wp\/v2\/media?parent=5415"}],"wp:term":[{"taxonomy":"product_brand","embeddable":true,"href":"https:\/\/betarom-fastening.ro\/hr\/wp-json\/wp\/v2\/product_brand?post=5415"},{"taxonomy":"product_cat","embeddable":true,"href":"https:\/\/betarom-fastening.ro\/hr\/wp-json\/wp\/v2\/product_cat?post=5415"},{"taxonomy":"product_tag","embeddable":true,"href":"https:\/\/betarom-fastening.ro\/hr\/wp-json\/wp\/v2\/product_tag?post=5415"},{"taxonomy":"branze","embeddable":true,"href":"https:\/\/betarom-fastening.ro\/hr\/wp-json\/wp\/v2\/branze?post=5415"}],"curies":[{"name":"radni list","href":"https:\/\/api.w.org\/{rel}","templated":true}]}}