{"id":5409,"date":"2024-08-05T16:28:54","date_gmt":"2024-08-05T16:28:54","guid":{"rendered":"http:\/\/test.betarom-fastening.ro\/?post_type=product&#038;p=5409"},"modified":"2025-07-29T14:15:15","modified_gmt":"2025-07-29T14:15:15","slug":"pp-zatezac-remena","status":"publish","type":"product","link":"https:\/\/betarom-fastening.ro\/hr\/produkt\/napinacz-tasmy-pp\/","title":{"rendered":"PP zateza\u010d trake"},"content":{"rendered":"","protected":false},"excerpt":{"rendered":"<strong>PP zateza\u010d trake<\/strong>\u00a0zapewnia r\u00f3wnomierne naci\u0105gni\u0119cie oraz kontrol\u0119 napr\u0119\u017cenia.\r\n\r\n\u2022 por\u0119czny \u2013 lekka konstrukcja zapewnia du\u017cy komfort pracy\r\n\u2022 praktyczny \u2013 sprawdzi si\u0119 w ka\u017cdej ga\u0142\u0119zi handlu i przemys\u0142u","protected":false},"featured_media":5410,"comment_status":"open","ping_status":"closed","template":"","meta":{"inline_featured_image":false},"product_brand":[],"product_cat":[386],"product_tag":[],"branze":[],"class_list":{"0":"post-5409","1":"product","2":"type-product","3":"status-publish","4":"has-post-thumbnail","6":"product_cat-tasmy-spinajace-pp-i-akcesoria","8":"first","9":"instock","10":"shipping-taxable","11":"product-type-simple"},"acf":[],"_links":{"self":[{"href":"https:\/\/betarom-fastening.ro\/hr\/wp-json\/wp\/v2\/product\/5409","targetHints":{"allow":["GET"]}}],"collection":[{"href":"https:\/\/betarom-fastening.ro\/hr\/wp-json\/wp\/v2\/product"}],"about":[{"href":"https:\/\/betarom-fastening.ro\/hr\/wp-json\/wp\/v2\/types\/product"}],"replies":[{"embeddable":true,"href":"https:\/\/betarom-fastening.ro\/hr\/wp-json\/wp\/v2\/comments?post=5409"}],"wp:featuredmedia":[{"embeddable":true,"href":"https:\/\/betarom-fastening.ro\/hr\/wp-json\/wp\/v2\/media\/5410"}],"wp:attachment":[{"href":"https:\/\/betarom-fastening.ro\/hr\/wp-json\/wp\/v2\/media?parent=5409"}],"wp:term":[{"taxonomy":"product_brand","embeddable":true,"href":"https:\/\/betarom-fastening.ro\/hr\/wp-json\/wp\/v2\/product_brand?post=5409"},{"taxonomy":"product_cat","embeddable":true,"href":"https:\/\/betarom-fastening.ro\/hr\/wp-json\/wp\/v2\/product_cat?post=5409"},{"taxonomy":"product_tag","embeddable":true,"href":"https:\/\/betarom-fastening.ro\/hr\/wp-json\/wp\/v2\/product_tag?post=5409"},{"taxonomy":"branze","embeddable":true,"href":"https:\/\/betarom-fastening.ro\/hr\/wp-json\/wp\/v2\/branze?post=5409"}],"curies":[{"name":"radni list","href":"https:\/\/api.w.org\/{rel}","templated":true}]}}