{"id":4113,"date":"2023-11-10T13:17:11","date_gmt":"2023-11-10T13:17:11","guid":{"rendered":"http:\/\/test.betarom-fastening.ro\/?post_type=product&#038;p=4113"},"modified":"2025-01-21T17:32:26","modified_gmt":"2025-01-21T17:32:26","slug":"zakretne-spojnice-za-spiralne-kabele-pu","status":"publish","type":"product","link":"https:\/\/betarom-fastening.ro\/hr\/produkt\/zlaczki-obrotowe-do-przewodow-spiralnych-pu\/","title":{"rendered":"Okretni konektori za PU spiralne kabele"},"content":{"rendered":"","protected":false},"excerpt":{"rendered":"Z\u0142\u0105czki obrotowe nakretka z tulej\u0105 zabezpieczaj\u0105c\u0105 z tworzywa.\r\n\r\nZobacz dost\u0119pne wymiary w tabelce: Dane techniczne\r\n\r\n<div class=\"wp-block-button\"><a class=\"wp-block-button__link wp-element-button\" target=\"_blank\" href=\"https:\/\/betarom-fastening.ro\/system\/akcesoria2.php?kat_id=6\" rel=\"noopener\">Idi na narud\u017ebu dijelova<\/a><\/div>","protected":false},"featured_media":4231,"comment_status":"open","ping_status":"closed","template":"","meta":{"inline_featured_image":false},"product_brand":[],"product_cat":[369],"product_tag":[],"branze":[],"class_list":{"0":"post-4113","1":"product","2":"type-product","3":"status-publish","4":"has-post-thumbnail","6":"product_cat-przewody-do-sprezonego-powietrza","8":"first","9":"instock","10":"shipping-taxable","11":"product-type-simple"},"acf":[],"_links":{"self":[{"href":"https:\/\/betarom-fastening.ro\/hr\/wp-json\/wp\/v2\/product\/4113","targetHints":{"allow":["GET"]}}],"collection":[{"href":"https:\/\/betarom-fastening.ro\/hr\/wp-json\/wp\/v2\/product"}],"about":[{"href":"https:\/\/betarom-fastening.ro\/hr\/wp-json\/wp\/v2\/types\/product"}],"replies":[{"embeddable":true,"href":"https:\/\/betarom-fastening.ro\/hr\/wp-json\/wp\/v2\/comments?post=4113"}],"wp:featuredmedia":[{"embeddable":true,"href":"https:\/\/betarom-fastening.ro\/hr\/wp-json\/wp\/v2\/media\/4231"}],"wp:attachment":[{"href":"https:\/\/betarom-fastening.ro\/hr\/wp-json\/wp\/v2\/media?parent=4113"}],"wp:term":[{"taxonomy":"product_brand","embeddable":true,"href":"https:\/\/betarom-fastening.ro\/hr\/wp-json\/wp\/v2\/product_brand?post=4113"},{"taxonomy":"product_cat","embeddable":true,"href":"https:\/\/betarom-fastening.ro\/hr\/wp-json\/wp\/v2\/product_cat?post=4113"},{"taxonomy":"product_tag","embeddable":true,"href":"https:\/\/betarom-fastening.ro\/hr\/wp-json\/wp\/v2\/product_tag?post=4113"},{"taxonomy":"branze","embeddable":true,"href":"https:\/\/betarom-fastening.ro\/hr\/wp-json\/wp\/v2\/branze?post=4113"}],"curies":[{"name":"radni list","href":"https:\/\/api.w.org\/{rel}","templated":true}]}}