{"id":2467,"date":"2023-05-05T12:42:02","date_gmt":"2023-05-05T12:42:02","guid":{"rendered":"http:\/\/test.betarom-fastening.ro\/?post_type=product&#038;p=2467"},"modified":"2023-05-05T16:31:59","modified_gmt":"2023-05-05T16:31:59","slug":"vruce-ljepilo-vac-tac-200","status":"publish","type":"product","link":"https:\/\/betarom-fastening.ro\/hr\/produkt\/klej-termotopliwy-vac-tac-200\/","title":{"rendered":"VAC-TAC 200 topljivo ljepilo"},"content":{"rendered":"","protected":false},"excerpt":{"rendered":"Jasny br\u0105z, mieszanina syntetycznych polimer\u00f3w, natychmiastowa wysoka przyczepno\u015b\u0107, d\u0142ugi czas otwarty, du\u017ca wydajno\u015b\u0107.\r\n\r\nBudowa jacht\u00f3w, \u0142odzi, \u0142opat elektrowni wiatrowych i innych wyrob\u00f3w kompozytowych. Pozycjonowanie wielu warstw p\u0142\u00f3tna, mat z w\u0142\u00f3kna szklanego, pianki, balsy i innych materia\u0142\u00f3w wzmacniaj\u0105cych przy produkcji laminat\u00f3w metod\u0105 infuzji pr\u00f3\u017cniowej i RTM.\r\n\r\nPodstawowe zastosowania:\r\nProdukcja laminat\u00f3w","protected":false},"featured_media":0,"comment_status":"open","ping_status":"closed","template":"","meta":{"inline_featured_image":false},"product_brand":[],"product_cat":[52],"product_tag":[],"branze":[],"class_list":{"0":"post-2467","1":"product","2":"type-product","3":"status-publish","5":"product_cat-kleje_termotopliwe_i_pistolety","7":"first","8":"instock","9":"shipping-taxable","10":"product-type-simple"},"acf":[],"_links":{"self":[{"href":"https:\/\/betarom-fastening.ro\/hr\/wp-json\/wp\/v2\/product\/2467","targetHints":{"allow":["GET"]}}],"collection":[{"href":"https:\/\/betarom-fastening.ro\/hr\/wp-json\/wp\/v2\/product"}],"about":[{"href":"https:\/\/betarom-fastening.ro\/hr\/wp-json\/wp\/v2\/types\/product"}],"replies":[{"embeddable":true,"href":"https:\/\/betarom-fastening.ro\/hr\/wp-json\/wp\/v2\/comments?post=2467"}],"wp:attachment":[{"href":"https:\/\/betarom-fastening.ro\/hr\/wp-json\/wp\/v2\/media?parent=2467"}],"wp:term":[{"taxonomy":"product_brand","embeddable":true,"href":"https:\/\/betarom-fastening.ro\/hr\/wp-json\/wp\/v2\/product_brand?post=2467"},{"taxonomy":"product_cat","embeddable":true,"href":"https:\/\/betarom-fastening.ro\/hr\/wp-json\/wp\/v2\/product_cat?post=2467"},{"taxonomy":"product_tag","embeddable":true,"href":"https:\/\/betarom-fastening.ro\/hr\/wp-json\/wp\/v2\/product_tag?post=2467"},{"taxonomy":"branze","embeddable":true,"href":"https:\/\/betarom-fastening.ro\/hr\/wp-json\/wp\/v2\/branze?post=2467"}],"curies":[{"name":"radni list","href":"https:\/\/api.w.org\/{rel}","templated":true}]}}