{"id":2463,"date":"2023-05-05T12:33:49","date_gmt":"2023-05-05T12:33:49","guid":{"rendered":"http:\/\/test.betarom-fastening.ro\/?post_type=product&#038;p=2463"},"modified":"2025-12-04T15:20:56","modified_gmt":"2025-12-04T15:20:56","slug":"fitilj-za-vruce-ljepilo-tec-7718","status":"publish","type":"product","link":"https:\/\/betarom-fastening.ro\/hr\/produkt\/klej-termotopliwy-knot-tec-7718\/","title":{"rendered":"KNOT-TEC 7718 topljivo ljepilo"},"content":{"rendered":"","protected":false},"excerpt":{"rendered":"Szpachla termotopliwa do wype\u0142niania ubytk\u00f3w drewna, oraz zalewania element\u00f3w elektroniki, odporna na temperatur\u0119 termiczna spoina\r\nbarwa: bursztynowy, be\u017cowy, jasno be\u017cowy, czarny, Coca Cola, kremowy, br\u0105zowy\r\n\r\nPodstawowe zastosowania:\r\nMonta\u017c, Wype\u0142nianie ubytk\u00f3w, Elektronika","protected":false},"featured_media":0,"comment_status":"open","ping_status":"closed","template":"","meta":{"inline_featured_image":false},"product_brand":[],"product_cat":[52],"product_tag":[],"branze":[],"class_list":{"0":"post-2463","1":"product","2":"type-product","3":"status-publish","5":"product_cat-kleje_termotopliwe_i_pistolety","7":"first","8":"instock","9":"shipping-taxable","10":"product-type-simple"},"acf":[],"_links":{"self":[{"href":"https:\/\/betarom-fastening.ro\/hr\/wp-json\/wp\/v2\/product\/2463","targetHints":{"allow":["GET"]}}],"collection":[{"href":"https:\/\/betarom-fastening.ro\/hr\/wp-json\/wp\/v2\/product"}],"about":[{"href":"https:\/\/betarom-fastening.ro\/hr\/wp-json\/wp\/v2\/types\/product"}],"replies":[{"embeddable":true,"href":"https:\/\/betarom-fastening.ro\/hr\/wp-json\/wp\/v2\/comments?post=2463"}],"wp:attachment":[{"href":"https:\/\/betarom-fastening.ro\/hr\/wp-json\/wp\/v2\/media?parent=2463"}],"wp:term":[{"taxonomy":"product_brand","embeddable":true,"href":"https:\/\/betarom-fastening.ro\/hr\/wp-json\/wp\/v2\/product_brand?post=2463"},{"taxonomy":"product_cat","embeddable":true,"href":"https:\/\/betarom-fastening.ro\/hr\/wp-json\/wp\/v2\/product_cat?post=2463"},{"taxonomy":"product_tag","embeddable":true,"href":"https:\/\/betarom-fastening.ro\/hr\/wp-json\/wp\/v2\/product_tag?post=2463"},{"taxonomy":"branze","embeddable":true,"href":"https:\/\/betarom-fastening.ro\/hr\/wp-json\/wp\/v2\/branze?post=2463"}],"curies":[{"name":"radni list","href":"https:\/\/api.w.org\/{rel}","templated":true}]}}