{"id":2296,"date":"2023-04-28T11:47:49","date_gmt":"2023-04-28T11:47:49","guid":{"rendered":"https:\/\/test.bizea.com.pl\/\/?post_type=product&#038;p=2296"},"modified":"2025-10-06T10:53:22","modified_gmt":"2025-10-06T10:53:22","slug":"uredaj-za-montazu-ulozaka-za-madrace-za-krevete-na-radnoj-povrsini","status":"publish","type":"product","link":"https:\/\/betarom-fastening.ro\/hr\/produkt\/urzadzenie-lade-do-montazu-wkladow-pod-materac-do-lozek\/","title":{"rendered":"LADE ure\u0111aj za monta\u017eu ulo\u017eaka za madrace u krevete"},"content":{"rendered":"","protected":false},"excerpt":{"rendered":"Urz\u0105dzenie LADE do monta\u017cu wk\u0142ad\u00f3w pod materac do \u0142\u00f3\u017cek\r\nprzyszywa w cyklu automatycznym ta\u015bm\u0119 do listew zszywkami tapicerskimi BIZON 380\r\n\r\nWersje urz\u0105dzenia:\r\n1.do listew prostych\r\n2.do listew gi\u0119tych\r\n\r\nOpis pracy\r\n&#8211; listwy pobierane s\u0105 z zasobnika grawitacyjnego\r\n&#8211; zszywanie realizowane jest za pomoc\u0105 dw\u00f3ch zszywaczy modu\u0142owych BeA AutotecK380\/8-14 serii 230 z magazynkami o pojemno\u015bci 5 tysi\u0119cy zszywek ka\u017cdy\r\n&#8211; ta\u015bma obcinana za pomoc\u0105 uk\u0142adu grza\u0142ek elektrycznych co zapobiega strz\u0119pieniu si\u0119 ko\u0144c\u00f3w ta\u015bmy\r\n&#8211; na \u017cyczenie wiertarki do otwor\u00f3w w okre\u015blonych listwach\r\n&#8211; po\u0142\u0105czone elementy transportowane s\u0105 przeno\u015bnikiem ta\u015bmowym\r\n\r\nPrac\u0119 urz\u0105dzenia kontroluje sterownik PLC\r\n&#8211; pr\u0119dko\u015b\u0107 \u0142\u0105czenia listew\r\n&#8211; obecno\u015b\u0107 listew w zasobniku\r\n&#8211; obecno\u015b\u0107 ta\u015bmy\r\n&#8211; obecno\u015b\u0107 zszywek\r\n&#8211; ci\u0119cie ta\u015bmy\r\n&#8211; liczniki wykonanych wyrob\u00f3w\r\nUzupe\u0142nianie listew nie wymaga zatrzymywania pracy.\r\nWydajno\u015b\u0107 urz\u0105dzenia wynosi do 16 mb wk\u0142ad\u00f3w na minut\u0119.","protected":false},"featured_media":3441,"comment_status":"open","ping_status":"closed","template":"","meta":{"inline_featured_image":false},"product_brand":[],"product_cat":[46],"product_tag":[],"branze":[],"class_list":{"0":"post-2296","1":"product","2":"type-product","3":"status-publish","4":"has-post-thumbnail","6":"product_cat-budowa_maszyn_","8":"first","9":"instock","10":"shipping-taxable","11":"product-type-simple"},"acf":[],"_links":{"self":[{"href":"https:\/\/betarom-fastening.ro\/hr\/wp-json\/wp\/v2\/product\/2296","targetHints":{"allow":["GET"]}}],"collection":[{"href":"https:\/\/betarom-fastening.ro\/hr\/wp-json\/wp\/v2\/product"}],"about":[{"href":"https:\/\/betarom-fastening.ro\/hr\/wp-json\/wp\/v2\/types\/product"}],"replies":[{"embeddable":true,"href":"https:\/\/betarom-fastening.ro\/hr\/wp-json\/wp\/v2\/comments?post=2296"}],"wp:featuredmedia":[{"embeddable":true,"href":"https:\/\/betarom-fastening.ro\/hr\/wp-json\/wp\/v2\/media\/3441"}],"wp:attachment":[{"href":"https:\/\/betarom-fastening.ro\/hr\/wp-json\/wp\/v2\/media?parent=2296"}],"wp:term":[{"taxonomy":"product_brand","embeddable":true,"href":"https:\/\/betarom-fastening.ro\/hr\/wp-json\/wp\/v2\/product_brand?post=2296"},{"taxonomy":"product_cat","embeddable":true,"href":"https:\/\/betarom-fastening.ro\/hr\/wp-json\/wp\/v2\/product_cat?post=2296"},{"taxonomy":"product_tag","embeddable":true,"href":"https:\/\/betarom-fastening.ro\/hr\/wp-json\/wp\/v2\/product_tag?post=2296"},{"taxonomy":"branze","embeddable":true,"href":"https:\/\/betarom-fastening.ro\/hr\/wp-json\/wp\/v2\/branze?post=2296"}],"curies":[{"name":"radni list","href":"https:\/\/api.w.org\/{rel}","templated":true}]}}