{"id":2189,"date":"2023-04-27T15:44:38","date_gmt":"2023-04-27T15:44:38","guid":{"rendered":"https:\/\/test.bizea.com.pl\/\/?post_type=product&#038;p=2189"},"modified":"2024-10-04T11:25:26","modified_gmt":"2024-10-04T11:25:26","slug":"bsm400-sustav-koji-blokira-hitac-kada-je-spremnik-prazan","status":"publish","type":"product","link":"https:\/\/betarom-fastening.ro\/hr\/produkt\/bsm400-uklad-blokujacy-strzal-przy-pustym-magazynku\/","title":{"rendered":"BSM400 \u2013 sustav koji blokira hitac kada je spremnik prazan"},"content":{"rendered":"","protected":false},"excerpt":{"rendered":"Zszywacz tapicerski z czujnikiem pustego magazynka i uk\u0142adem odcinaj\u0105cym spr\u0119\u017cone powietrze w momencie kiedy w magazynku ko\u0144czy si\u0119 pakiet zszywek.\r\n\r\nPrezentowany zestaw daje 100% gwarancji, \u017ce pracownik nie odda pustych strza\u0142\u00f3w i wszystkie potrzebne punkty po\u0142\u0105czenia b\u0119d\u0105 wykonane.\r\n\r\nUk\u0142ad zosta\u0142 wykonany na potrzeby stanowiska do monta\u017cu uszczelek w oknach dachowych, gdzie wbite zszywki s\u0105 niewidoczne, co uniemo\u017cliwia wzrokow\u0105 ocen\u0119 po\u0142\u0105czenia.","protected":false},"featured_media":2190,"comment_status":"open","ping_status":"closed","template":"","meta":{"inline_featured_image":false},"product_brand":[],"product_cat":[48],"product_tag":[],"branze":[],"class_list":{"0":"post-2189","1":"product","2":"type-product","3":"status-publish","4":"has-post-thumbnail","6":"product_cat-przystawki_i_usprawnienia_do_narzedzi_recznych","8":"first","9":"instock","10":"shipping-taxable","11":"product-type-simple"},"acf":[],"_links":{"self":[{"href":"https:\/\/betarom-fastening.ro\/hr\/wp-json\/wp\/v2\/product\/2189","targetHints":{"allow":["GET"]}}],"collection":[{"href":"https:\/\/betarom-fastening.ro\/hr\/wp-json\/wp\/v2\/product"}],"about":[{"href":"https:\/\/betarom-fastening.ro\/hr\/wp-json\/wp\/v2\/types\/product"}],"replies":[{"embeddable":true,"href":"https:\/\/betarom-fastening.ro\/hr\/wp-json\/wp\/v2\/comments?post=2189"}],"wp:featuredmedia":[{"embeddable":true,"href":"https:\/\/betarom-fastening.ro\/hr\/wp-json\/wp\/v2\/media\/2190"}],"wp:attachment":[{"href":"https:\/\/betarom-fastening.ro\/hr\/wp-json\/wp\/v2\/media?parent=2189"}],"wp:term":[{"taxonomy":"product_brand","embeddable":true,"href":"https:\/\/betarom-fastening.ro\/hr\/wp-json\/wp\/v2\/product_brand?post=2189"},{"taxonomy":"product_cat","embeddable":true,"href":"https:\/\/betarom-fastening.ro\/hr\/wp-json\/wp\/v2\/product_cat?post=2189"},{"taxonomy":"product_tag","embeddable":true,"href":"https:\/\/betarom-fastening.ro\/hr\/wp-json\/wp\/v2\/product_tag?post=2189"},{"taxonomy":"branze","embeddable":true,"href":"https:\/\/betarom-fastening.ro\/hr\/wp-json\/wp\/v2\/branze?post=2189"}],"curies":[{"name":"radni list","href":"https:\/\/api.w.org\/{rel}","templated":true}]}}