{"id":2186,"date":"2023-04-27T15:27:07","date_gmt":"2023-04-27T15:27:07","guid":{"rendered":"https:\/\/test.bizea.com.pl\/\/?post_type=product&#038;p=2186"},"modified":"2023-04-27T15:56:22","modified_gmt":"2023-04-27T15:56:22","slug":"bea-skater-na-jednoj-univerzalnoj-platformi","status":"publish","type":"product","link":"https:\/\/betarom-fastening.ro\/hr\/produkt\/bea-skater-na-jednej-uniwersalnej-platformie\/","title":{"rendered":"BeA Skater na jednoj univerzalnoj platformi"},"content":{"rendered":"","protected":false},"excerpt":{"rendered":"Nowe rozwi\u0105zanie mocowania p\u0142yt wi\u00f3rowych, OSB, sklejki do kant\u00f3wek za pomoc\u0105 zszywek, lub gwo\u017adzi.\r\n\r\nZ\u0142\u0105cza wbijane s\u0105 w r\u00f3wnej linii z jednakowym, ustawionym odst\u0119pem niezale\u017cnie od pr\u0119dko\u015bci posuwu.\r\n\r\nEkonomiczna alternatywa dla du\u017cych sto\u0142\u00f3w z mostami monta\u017cowymi. Idealne przy produkcji \u015bcian dom\u00f3w, element\u00f3w skrzy\u0144 \u0142adunkowych i innych konstrukcji szkieletowych.","protected":false},"featured_media":2194,"comment_status":"open","ping_status":"closed","template":"","meta":{"inline_featured_image":false},"product_brand":[],"product_cat":[48],"product_tag":[],"branze":[],"class_list":{"0":"post-2186","1":"product","2":"type-product","3":"status-publish","4":"has-post-thumbnail","6":"product_cat-przystawki_i_usprawnienia_do_narzedzi_recznych","8":"first","9":"instock","10":"shipping-taxable","11":"product-type-simple"},"acf":[],"_links":{"self":[{"href":"https:\/\/betarom-fastening.ro\/hr\/wp-json\/wp\/v2\/product\/2186","targetHints":{"allow":["GET"]}}],"collection":[{"href":"https:\/\/betarom-fastening.ro\/hr\/wp-json\/wp\/v2\/product"}],"about":[{"href":"https:\/\/betarom-fastening.ro\/hr\/wp-json\/wp\/v2\/types\/product"}],"replies":[{"embeddable":true,"href":"https:\/\/betarom-fastening.ro\/hr\/wp-json\/wp\/v2\/comments?post=2186"}],"wp:featuredmedia":[{"embeddable":true,"href":"https:\/\/betarom-fastening.ro\/hr\/wp-json\/wp\/v2\/media\/2194"}],"wp:attachment":[{"href":"https:\/\/betarom-fastening.ro\/hr\/wp-json\/wp\/v2\/media?parent=2186"}],"wp:term":[{"taxonomy":"product_brand","embeddable":true,"href":"https:\/\/betarom-fastening.ro\/hr\/wp-json\/wp\/v2\/product_brand?post=2186"},{"taxonomy":"product_cat","embeddable":true,"href":"https:\/\/betarom-fastening.ro\/hr\/wp-json\/wp\/v2\/product_cat?post=2186"},{"taxonomy":"product_tag","embeddable":true,"href":"https:\/\/betarom-fastening.ro\/hr\/wp-json\/wp\/v2\/product_tag?post=2186"},{"taxonomy":"branze","embeddable":true,"href":"https:\/\/betarom-fastening.ro\/hr\/wp-json\/wp\/v2\/branze?post=2186"}],"curies":[{"name":"radni list","href":"https:\/\/api.w.org\/{rel}","templated":true}]}}