{"id":2179,"date":"2023-04-27T15:13:30","date_gmt":"2023-04-27T15:13:30","guid":{"rendered":"https:\/\/test.bizea.com.pl\/\/?post_type=product&#038;p=2179"},"modified":"2023-04-27T15:26:55","modified_gmt":"2023-04-27T15:26:55","slug":"stapler-klamerice-prilagodene-za-stacionarni-rad","status":"publish","type":"product","link":"https:\/\/betarom-fastening.ro\/hr\/produkt\/zszywacze-cegowe-adaptowane-do-pracy-stacjonarnej\/","title":{"rendered":"Klje\u0161taste spajalice prilago\u0111ene za stacionarni rad"},"content":{"rendered":"","protected":false},"excerpt":{"rendered":"Adaptacje \/ wyposa\u017cenie:\r\n\r\nregulowany uchwyt dla dw\u00f3ch zszywaczy, peda\u0142 no\u017cnay, oraz statyw mocowany do blatu","protected":false},"featured_media":2180,"comment_status":"open","ping_status":"closed","template":"","meta":{"inline_featured_image":false},"product_brand":[],"product_cat":[48],"product_tag":[],"branze":[],"class_list":{"0":"post-2179","1":"product","2":"type-product","3":"status-publish","4":"has-post-thumbnail","6":"product_cat-przystawki_i_usprawnienia_do_narzedzi_recznych","8":"first","9":"instock","10":"shipping-taxable","11":"product-type-simple"},"acf":[],"_links":{"self":[{"href":"https:\/\/betarom-fastening.ro\/hr\/wp-json\/wp\/v2\/product\/2179","targetHints":{"allow":["GET"]}}],"collection":[{"href":"https:\/\/betarom-fastening.ro\/hr\/wp-json\/wp\/v2\/product"}],"about":[{"href":"https:\/\/betarom-fastening.ro\/hr\/wp-json\/wp\/v2\/types\/product"}],"replies":[{"embeddable":true,"href":"https:\/\/betarom-fastening.ro\/hr\/wp-json\/wp\/v2\/comments?post=2179"}],"wp:featuredmedia":[{"embeddable":true,"href":"https:\/\/betarom-fastening.ro\/hr\/wp-json\/wp\/v2\/media\/2180"}],"wp:attachment":[{"href":"https:\/\/betarom-fastening.ro\/hr\/wp-json\/wp\/v2\/media?parent=2179"}],"wp:term":[{"taxonomy":"product_brand","embeddable":true,"href":"https:\/\/betarom-fastening.ro\/hr\/wp-json\/wp\/v2\/product_brand?post=2179"},{"taxonomy":"product_cat","embeddable":true,"href":"https:\/\/betarom-fastening.ro\/hr\/wp-json\/wp\/v2\/product_cat?post=2179"},{"taxonomy":"product_tag","embeddable":true,"href":"https:\/\/betarom-fastening.ro\/hr\/wp-json\/wp\/v2\/product_tag?post=2179"},{"taxonomy":"branze","embeddable":true,"href":"https:\/\/betarom-fastening.ro\/hr\/wp-json\/wp\/v2\/branze?post=2179"}],"curies":[{"name":"radni list","href":"https:\/\/api.w.org\/{rel}","templated":true}]}}