{"id":2175,"date":"2023-04-27T15:09:19","date_gmt":"2023-04-27T15:09:19","guid":{"rendered":"https:\/\/test.bizea.com.pl\/\/?post_type=product&#038;p=2175"},"modified":"2023-04-27T15:10:57","modified_gmt":"2023-04-27T15:10:57","slug":"rucna-ugradnja-ploca-pod-kutom","status":"publish","type":"product","link":"https:\/\/betarom-fastening.ro\/hr\/produkt\/montaz-reczny-desek-pod-katem\/","title":{"rendered":"Ru\u010dno postavljanje plo\u010da pod kutom"},"content":{"rendered":"","protected":false},"excerpt":{"rendered":"Za proizvo\u0111a\u010de lijesova","protected":false},"featured_media":2176,"comment_status":"open","ping_status":"closed","template":"","meta":{"inline_featured_image":false},"product_brand":[],"product_cat":[48],"product_tag":[],"branze":[],"class_list":{"0":"post-2175","1":"product","2":"type-product","3":"status-publish","4":"has-post-thumbnail","6":"product_cat-przystawki_i_usprawnienia_do_narzedzi_recznych","8":"first","9":"instock","10":"shipping-taxable","11":"product-type-simple"},"acf":[],"_links":{"self":[{"href":"https:\/\/betarom-fastening.ro\/hr\/wp-json\/wp\/v2\/product\/2175","targetHints":{"allow":["GET"]}}],"collection":[{"href":"https:\/\/betarom-fastening.ro\/hr\/wp-json\/wp\/v2\/product"}],"about":[{"href":"https:\/\/betarom-fastening.ro\/hr\/wp-json\/wp\/v2\/types\/product"}],"replies":[{"embeddable":true,"href":"https:\/\/betarom-fastening.ro\/hr\/wp-json\/wp\/v2\/comments?post=2175"}],"wp:featuredmedia":[{"embeddable":true,"href":"https:\/\/betarom-fastening.ro\/hr\/wp-json\/wp\/v2\/media\/2176"}],"wp:attachment":[{"href":"https:\/\/betarom-fastening.ro\/hr\/wp-json\/wp\/v2\/media?parent=2175"}],"wp:term":[{"taxonomy":"product_brand","embeddable":true,"href":"https:\/\/betarom-fastening.ro\/hr\/wp-json\/wp\/v2\/product_brand?post=2175"},{"taxonomy":"product_cat","embeddable":true,"href":"https:\/\/betarom-fastening.ro\/hr\/wp-json\/wp\/v2\/product_cat?post=2175"},{"taxonomy":"product_tag","embeddable":true,"href":"https:\/\/betarom-fastening.ro\/hr\/wp-json\/wp\/v2\/product_tag?post=2175"},{"taxonomy":"branze","embeddable":true,"href":"https:\/\/betarom-fastening.ro\/hr\/wp-json\/wp\/v2\/branze?post=2175"}],"curies":[{"name":"radni list","href":"https:\/\/api.w.org\/{rel}","templated":true}]}}