{"id":2148,"date":"2023-04-27T12:32:19","date_gmt":"2023-04-27T12:32:19","guid":{"rendered":"https:\/\/test.bizea.com.pl\/\/?post_type=product&#038;p=2148"},"modified":"2024-02-28T12:38:15","modified_gmt":"2024-02-28T12:38:15","slug":"mpt-stolna-presa-za-tapeciranje-stolica","status":"publish","type":"product","link":"https:\/\/betarom-fastening.ro\/hr\/produkt\/prasa-mpt-stolowa-do-tapicerowania-krzesel\/","title":{"rendered":"MPT (stolna) pre\u0161a za tapeciranje stolica"},"content":{"rendered":"","protected":false},"excerpt":{"rendered":"Pneumatyczna prasa do tapicerowania siedzisk i opar\u0107 krzese\u0142 MPT do ustawienia na stole.\r\n\r\nStabilna, trwa\u0142a i solidna konstrukcja.\r\nPe\u0142ny obr\u00f3t blatu wok\u00f3\u0142 osi bez ogranicze\u0144.\r\n\r\nBlat pokryty piank\u0105 typu &#8222;\u017cel&#8221;.\r\n\r\nWst\u0119pna regulacja wysoko\u015bci docisku za pomoc\u0105 \u015bruby i skok si\u0142ownika pozwalaj\u0105 na dostosowanie do wzrostu operatora.\r\nRegulacja si\u0142y docisku poduszki za pomoc\u0105 regulatora ci\u015bnienia.\r\nSterowanie obur\u0119czne zapewnia bezpiecze\u0144stwo pracy.","protected":false},"featured_media":2149,"comment_status":"open","ping_status":"closed","template":"","meta":{"inline_featured_image":false},"product_brand":[],"product_cat":[53],"product_tag":[],"branze":[],"class_list":{"0":"post-2148","1":"product","2":"type-product","3":"status-publish","4":"has-post-thumbnail","6":"product_cat-stoly_tapicerskie_i_paletowe","8":"first","9":"instock","10":"shipping-taxable","11":"product-type-simple"},"acf":[],"_links":{"self":[{"href":"https:\/\/betarom-fastening.ro\/hr\/wp-json\/wp\/v2\/product\/2148","targetHints":{"allow":["GET"]}}],"collection":[{"href":"https:\/\/betarom-fastening.ro\/hr\/wp-json\/wp\/v2\/product"}],"about":[{"href":"https:\/\/betarom-fastening.ro\/hr\/wp-json\/wp\/v2\/types\/product"}],"replies":[{"embeddable":true,"href":"https:\/\/betarom-fastening.ro\/hr\/wp-json\/wp\/v2\/comments?post=2148"}],"wp:featuredmedia":[{"embeddable":true,"href":"https:\/\/betarom-fastening.ro\/hr\/wp-json\/wp\/v2\/media\/2149"}],"wp:attachment":[{"href":"https:\/\/betarom-fastening.ro\/hr\/wp-json\/wp\/v2\/media?parent=2148"}],"wp:term":[{"taxonomy":"product_brand","embeddable":true,"href":"https:\/\/betarom-fastening.ro\/hr\/wp-json\/wp\/v2\/product_brand?post=2148"},{"taxonomy":"product_cat","embeddable":true,"href":"https:\/\/betarom-fastening.ro\/hr\/wp-json\/wp\/v2\/product_cat?post=2148"},{"taxonomy":"product_tag","embeddable":true,"href":"https:\/\/betarom-fastening.ro\/hr\/wp-json\/wp\/v2\/product_tag?post=2148"},{"taxonomy":"branze","embeddable":true,"href":"https:\/\/betarom-fastening.ro\/hr\/wp-json\/wp\/v2\/branze?post=2148"}],"curies":[{"name":"radni list","href":"https:\/\/api.w.org\/{rel}","templated":true}]}}