{"id":2082,"date":"2023-04-27T09:23:36","date_gmt":"2023-04-27T09:23:36","guid":{"rendered":"https:\/\/test.bizea.com.pl\/\/?post_type=product&#038;p=2082"},"modified":"2024-06-21T11:25:24","modified_gmt":"2024-06-21T11:25:24","slug":"valoviti-nokti-maxi-tip","status":"publish","type":"product","link":"https:\/\/betarom-fastening.ro\/hr\/produkt\/gwozdzie-faliste-typ-w-maxi\/","title":{"rendered":"Valoviti nokti tipa W Maxi"},"content":{"rendered":"","protected":false},"excerpt":{"rendered":"Stosowane do zabezpieczania czo\u0142a k\u0142\u00f3d i desek przed p\u0119kaniem podczas schni\u0119cia, r\u00f3wnie\u017c do po\u0142\u0105cze\u0144 k\u0105towych konstrukcji ramowych.\r\n\r\nKszta\u0142t przet\u0142oczenia powoduje zaciskanie \u0142\u0105czonych element\u00f3w podczas wbijania.","protected":false},"featured_media":5356,"comment_status":"open","ping_status":"closed","template":"","meta":{"inline_featured_image":false},"product_brand":[],"product_cat":[45],"product_tag":[],"branze":[],"class_list":{"0":"post-2082","1":"product","2":"type-product","3":"status-publish","4":"has-post-thumbnail","6":"product_cat-zlacza_specjalne","8":"first","9":"instock","10":"shipping-taxable","11":"product-type-simple"},"acf":[],"_links":{"self":[{"href":"https:\/\/betarom-fastening.ro\/hr\/wp-json\/wp\/v2\/product\/2082","targetHints":{"allow":["GET"]}}],"collection":[{"href":"https:\/\/betarom-fastening.ro\/hr\/wp-json\/wp\/v2\/product"}],"about":[{"href":"https:\/\/betarom-fastening.ro\/hr\/wp-json\/wp\/v2\/types\/product"}],"replies":[{"embeddable":true,"href":"https:\/\/betarom-fastening.ro\/hr\/wp-json\/wp\/v2\/comments?post=2082"}],"wp:featuredmedia":[{"embeddable":true,"href":"https:\/\/betarom-fastening.ro\/hr\/wp-json\/wp\/v2\/media\/5356"}],"wp:attachment":[{"href":"https:\/\/betarom-fastening.ro\/hr\/wp-json\/wp\/v2\/media?parent=2082"}],"wp:term":[{"taxonomy":"product_brand","embeddable":true,"href":"https:\/\/betarom-fastening.ro\/hr\/wp-json\/wp\/v2\/product_brand?post=2082"},{"taxonomy":"product_cat","embeddable":true,"href":"https:\/\/betarom-fastening.ro\/hr\/wp-json\/wp\/v2\/product_cat?post=2082"},{"taxonomy":"product_tag","embeddable":true,"href":"https:\/\/betarom-fastening.ro\/hr\/wp-json\/wp\/v2\/product_tag?post=2082"},{"taxonomy":"branze","embeddable":true,"href":"https:\/\/betarom-fastening.ro\/hr\/wp-json\/wp\/v2\/branze?post=2082"}],"curies":[{"name":"radni list","href":"https:\/\/api.w.org\/{rel}","templated":true}]}}