{"id":1674,"date":"2023-04-25T19:03:23","date_gmt":"2023-04-25T19:03:23","guid":{"rendered":"http:\/\/test.bizea.com.pl\/\/\/\/\/?post_type=product&#038;p=1674"},"modified":"2024-08-27T10:33:58","modified_gmt":"2024-08-27T10:33:58","slug":"bizon-zabijaci-s-jumbo-v3-spremnikom","status":"publish","type":"product","link":"https:\/\/betarom-fastening.ro\/hr\/produkt\/gwozdziarki-bizon-z-magazynkiem-jumbo-v3\/","title":{"rendered":"BIZON zabija\u010di s JUMBO v3 spremnikom"},"content":{"rendered":"","protected":false},"excerpt":{"rendered":"Gwo\u017adziarki z magazynkiem na du\u017ce zwoje gwo\u017adzi JUMBO do pracy na maszynach\/robotach.\r\n\r\nOferujemy do wszystkich modeli gwo\u017adziarek r\u0119cznych.\r\n\r\n&nbsp;","protected":false},"featured_media":5540,"comment_status":"open","ping_status":"closed","template":"","meta":{"inline_featured_image":false},"product_brand":[],"product_cat":[47],"product_tag":[],"branze":[],"class_list":{"0":"post-1674","1":"product","2":"type-product","3":"status-publish","4":"has-post-thumbnail","6":"product_cat-zszywacze_i_gwozdziarki_do_maszyn","8":"first","9":"instock","10":"shipping-taxable","11":"product-type-simple"},"acf":[],"_links":{"self":[{"href":"https:\/\/betarom-fastening.ro\/hr\/wp-json\/wp\/v2\/product\/1674","targetHints":{"allow":["GET"]}}],"collection":[{"href":"https:\/\/betarom-fastening.ro\/hr\/wp-json\/wp\/v2\/product"}],"about":[{"href":"https:\/\/betarom-fastening.ro\/hr\/wp-json\/wp\/v2\/types\/product"}],"replies":[{"embeddable":true,"href":"https:\/\/betarom-fastening.ro\/hr\/wp-json\/wp\/v2\/comments?post=1674"}],"wp:featuredmedia":[{"embeddable":true,"href":"https:\/\/betarom-fastening.ro\/hr\/wp-json\/wp\/v2\/media\/5540"}],"wp:attachment":[{"href":"https:\/\/betarom-fastening.ro\/hr\/wp-json\/wp\/v2\/media?parent=1674"}],"wp:term":[{"taxonomy":"product_brand","embeddable":true,"href":"https:\/\/betarom-fastening.ro\/hr\/wp-json\/wp\/v2\/product_brand?post=1674"},{"taxonomy":"product_cat","embeddable":true,"href":"https:\/\/betarom-fastening.ro\/hr\/wp-json\/wp\/v2\/product_cat?post=1674"},{"taxonomy":"product_tag","embeddable":true,"href":"https:\/\/betarom-fastening.ro\/hr\/wp-json\/wp\/v2\/product_tag?post=1674"},{"taxonomy":"branze","embeddable":true,"href":"https:\/\/betarom-fastening.ro\/hr\/wp-json\/wp\/v2\/branze?post=1674"}],"curies":[{"name":"radni list","href":"https:\/\/api.w.org\/{rel}","templated":true}]}}