{"id":1619,"date":"2023-04-25T19:02:12","date_gmt":"2023-04-25T19:02:12","guid":{"rendered":"http:\/\/test.bizea.com.pl\/\/\/\/\/?post_type=product&#038;p=1619"},"modified":"2024-06-21T11:22:25","modified_gmt":"2024-06-21T11:22:25","slug":"c-ring-dugmad-za-manzete-tipa-cl20x16","status":"publish","type":"product","link":"https:\/\/betarom-fastening.ro\/hr\/produkt\/spinki-c-ring-typ-cl20x16\/","title":{"rendered":"C-prstenaste kop\u010de tipa CL20x1.6"},"content":{"rendered":"","protected":false},"excerpt":{"rendered":"Spojnice namijenjene spajanju opruga i opru\u017enih tkanina u proizvodnji tapeciranog namje\u0161taja i madraca. Savr\u0161ene su za zatvaranje vre\u0107ica i druge primjene pakiranja. Tako\u0111er su prikladni za spajanje presvlaka na metalni okvir autosjedalica.","protected":false},"featured_media":5350,"comment_status":"open","ping_status":"closed","template":"","meta":{"inline_featured_image":false},"product_brand":[],"product_cat":[42],"product_tag":[],"branze":[],"class_list":{"0":"post-1619","1":"product","2":"type-product","3":"status-publish","4":"has-post-thumbnail","6":"product_cat-c_ring","8":"first","9":"instock","10":"shipping-taxable","11":"product-type-simple"},"acf":[],"_links":{"self":[{"href":"https:\/\/betarom-fastening.ro\/hr\/wp-json\/wp\/v2\/product\/1619","targetHints":{"allow":["GET"]}}],"collection":[{"href":"https:\/\/betarom-fastening.ro\/hr\/wp-json\/wp\/v2\/product"}],"about":[{"href":"https:\/\/betarom-fastening.ro\/hr\/wp-json\/wp\/v2\/types\/product"}],"replies":[{"embeddable":true,"href":"https:\/\/betarom-fastening.ro\/hr\/wp-json\/wp\/v2\/comments?post=1619"}],"wp:featuredmedia":[{"embeddable":true,"href":"https:\/\/betarom-fastening.ro\/hr\/wp-json\/wp\/v2\/media\/5350"}],"wp:attachment":[{"href":"https:\/\/betarom-fastening.ro\/hr\/wp-json\/wp\/v2\/media?parent=1619"}],"wp:term":[{"taxonomy":"product_brand","embeddable":true,"href":"https:\/\/betarom-fastening.ro\/hr\/wp-json\/wp\/v2\/product_brand?post=1619"},{"taxonomy":"product_cat","embeddable":true,"href":"https:\/\/betarom-fastening.ro\/hr\/wp-json\/wp\/v2\/product_cat?post=1619"},{"taxonomy":"product_tag","embeddable":true,"href":"https:\/\/betarom-fastening.ro\/hr\/wp-json\/wp\/v2\/product_tag?post=1619"},{"taxonomy":"branze","embeddable":true,"href":"https:\/\/betarom-fastening.ro\/hr\/wp-json\/wp\/v2\/branze?post=1619"}],"curies":[{"name":"radni list","href":"https:\/\/api.w.org\/{rel}","templated":true}]}}