{"id":1618,"date":"2023-04-25T19:02:12","date_gmt":"2023-04-25T19:02:12","guid":{"rendered":"http:\/\/test.bizea.com.pl\/\/\/\/\/?post_type=product&#038;p=1618"},"modified":"2026-03-01T16:45:16","modified_gmt":"2026-03-01T16:45:16","slug":"c-ring-dugmad-za-manzete-tip-cl20x18","status":"publish","type":"product","link":"https:\/\/betarom-fastening.ro\/hr\/produkt\/spinki-c-ring-typ-cl20x18\/","title":{"rendered":"C-prstenaste kop\u010de tipa CL20x1.8"},"content":{"rendered":"","protected":false},"excerpt":{"rendered":"Spojnice namijenjene spajanju opruga i opru\u017enih tkanina u proizvodnji tapeciranog namje\u0161taja i madraca. Tako\u0111er se koristi za spajanje presvlaka na metalni okvir autosjedalica. Savr\u0161ene su za zatvaranje vre\u0107ica i druge primjene pakiranja. Lakirano u zeleno za izradu umjetnih bo\u017ei\u0107nih drvaca. CRAPL verzija s ve\u0107om otporno\u0161\u0107u na koroziju za monta\u017eu lakih gabiona. Tako\u0111er se koristi u proizvodnji kaveza za \u017eivotinje, poljoprivrednih i \u0161umskih ograda, te spojeva \u017eilet \u017eice u posebnim ogradama - zatvorima, vojnim objektima, \u017eeljezni\u010dkim objektima.","protected":false},"featured_media":5349,"comment_status":"open","ping_status":"closed","template":"","meta":{"inline_featured_image":false},"product_brand":[],"product_cat":[42],"product_tag":[],"branze":[],"class_list":{"0":"post-1618","1":"product","2":"type-product","3":"status-publish","4":"has-post-thumbnail","6":"product_cat-c_ring","8":"first","9":"instock","10":"shipping-taxable","11":"product-type-simple"},"acf":[],"_links":{"self":[{"href":"https:\/\/betarom-fastening.ro\/hr\/wp-json\/wp\/v2\/product\/1618","targetHints":{"allow":["GET"]}}],"collection":[{"href":"https:\/\/betarom-fastening.ro\/hr\/wp-json\/wp\/v2\/product"}],"about":[{"href":"https:\/\/betarom-fastening.ro\/hr\/wp-json\/wp\/v2\/types\/product"}],"replies":[{"embeddable":true,"href":"https:\/\/betarom-fastening.ro\/hr\/wp-json\/wp\/v2\/comments?post=1618"}],"wp:featuredmedia":[{"embeddable":true,"href":"https:\/\/betarom-fastening.ro\/hr\/wp-json\/wp\/v2\/media\/5349"}],"wp:attachment":[{"href":"https:\/\/betarom-fastening.ro\/hr\/wp-json\/wp\/v2\/media?parent=1618"}],"wp:term":[{"taxonomy":"product_brand","embeddable":true,"href":"https:\/\/betarom-fastening.ro\/hr\/wp-json\/wp\/v2\/product_brand?post=1618"},{"taxonomy":"product_cat","embeddable":true,"href":"https:\/\/betarom-fastening.ro\/hr\/wp-json\/wp\/v2\/product_cat?post=1618"},{"taxonomy":"product_tag","embeddable":true,"href":"https:\/\/betarom-fastening.ro\/hr\/wp-json\/wp\/v2\/product_tag?post=1618"},{"taxonomy":"branze","embeddable":true,"href":"https:\/\/betarom-fastening.ro\/hr\/wp-json\/wp\/v2\/branze?post=1618"}],"curies":[{"name":"radni list","href":"https:\/\/api.w.org\/{rel}","templated":true}]}}