{"id":1599,"date":"2023-04-25T19:01:48","date_gmt":"2023-04-25T19:01:48","guid":{"rendered":"http:\/\/test.bizea.com.pl\/\/\/\/\/?post_type=product&#038;p=1599"},"modified":"2024-11-14T12:15:39","modified_gmt":"2024-11-14T12:15:39","slug":"bea-r20-130-1303e-zabijac","status":"publish","type":"product","link":"https:\/\/betarom-fastening.ro\/hr\/produkt\/gwozdziarka-bea-r20-130-1303e\/","title":{"rendered":"BeA R20\/130-1303E Zabija\u010d"},"content":{"rendered":"","protected":false},"excerpt":{"rendered":"&#8211; du\u017ca moc i wydajno\u015b\u0107\r\n&#8211; konstrukcja magazynka umo\u017cliwia wygodne pozycjonowanie\r\n&#8211; regulowany kierunek wydechu\r\n&#8211; zintegrowane t\u0142umienie ha\u0142asu\r\n&#8211; ergonomiczny, ocieplony uchwyt\r\n&#8211; gwint do uchwytu zawiesia, uchwyt dla drugiej r\u0119ki\r\n&#8211; wyzwalanie pojedynczego wbijania","protected":false},"featured_media":1648,"comment_status":"open","ping_status":"closed","template":"","meta":{"inline_featured_image":false},"product_brand":[],"product_cat":[359],"product_tag":[],"branze":[],"class_list":{"0":"post-1599","1":"product","2":"type-product","3":"status-publish","4":"has-post-thumbnail","6":"product_cat-gwozdziarki_","8":"first","9":"instock","10":"shipping-taxable","11":"product-type-simple"},"acf":[],"_links":{"self":[{"href":"https:\/\/betarom-fastening.ro\/hr\/wp-json\/wp\/v2\/product\/1599","targetHints":{"allow":["GET"]}}],"collection":[{"href":"https:\/\/betarom-fastening.ro\/hr\/wp-json\/wp\/v2\/product"}],"about":[{"href":"https:\/\/betarom-fastening.ro\/hr\/wp-json\/wp\/v2\/types\/product"}],"replies":[{"embeddable":true,"href":"https:\/\/betarom-fastening.ro\/hr\/wp-json\/wp\/v2\/comments?post=1599"}],"wp:featuredmedia":[{"embeddable":true,"href":"https:\/\/betarom-fastening.ro\/hr\/wp-json\/wp\/v2\/media\/1648"}],"wp:attachment":[{"href":"https:\/\/betarom-fastening.ro\/hr\/wp-json\/wp\/v2\/media?parent=1599"}],"wp:term":[{"taxonomy":"product_brand","embeddable":true,"href":"https:\/\/betarom-fastening.ro\/hr\/wp-json\/wp\/v2\/product_brand?post=1599"},{"taxonomy":"product_cat","embeddable":true,"href":"https:\/\/betarom-fastening.ro\/hr\/wp-json\/wp\/v2\/product_cat?post=1599"},{"taxonomy":"product_tag","embeddable":true,"href":"https:\/\/betarom-fastening.ro\/hr\/wp-json\/wp\/v2\/product_tag?post=1599"},{"taxonomy":"branze","embeddable":true,"href":"https:\/\/betarom-fastening.ro\/hr\/wp-json\/wp\/v2\/branze?post=1599"}],"curies":[{"name":"radni list","href":"https:\/\/api.w.org\/{rel}","templated":true}]}}