{"id":158265,"date":"2026-03-01T16:21:10","date_gmt":"2026-03-01T16:21:10","guid":{"rendered":"https:\/\/betarom-fastening.ro\/?post_type=product&#038;p=158265"},"modified":"2026-03-01T16:21:10","modified_gmt":"2026-03-01T16:21:10","slug":"stanica-za-punjenje-cepova-robonut","status":"publish","type":"product","link":"https:\/\/betarom-fastening.ro\/hr\/produkt\/robonut-stanowisko-do-nabijania-nakretek\/","title":{"rendered":"Stanica za punjenje \u010depova ROBONUT"},"content":{"rendered":"","protected":false},"excerpt":{"rendered":"Zrobotyzowane stanowisko do szybkiego i powtarzalnego nabijania nakr\u0119tek w niewielkich elementach.\r\n\r\n\u0141\u0105czy modu\u0142 podawania detali z robotem przemys\u0142owym i zapewnia wysok\u0105 jako\u015b\u0107 oraz optymalizacj\u0119 czasu produkcji.","protected":false},"featured_media":158266,"comment_status":"open","ping_status":"closed","template":"","meta":{"inline_featured_image":false},"product_brand":[],"product_cat":[46],"product_tag":[],"branze":[],"class_list":{"0":"post-158265","1":"product","2":"type-product","3":"status-publish","4":"has-post-thumbnail","6":"product_cat-budowa_maszyn_","8":"first","9":"instock","10":"shipping-taxable","11":"product-type-simple"},"acf":[],"_links":{"self":[{"href":"https:\/\/betarom-fastening.ro\/hr\/wp-json\/wp\/v2\/product\/158265","targetHints":{"allow":["GET"]}}],"collection":[{"href":"https:\/\/betarom-fastening.ro\/hr\/wp-json\/wp\/v2\/product"}],"about":[{"href":"https:\/\/betarom-fastening.ro\/hr\/wp-json\/wp\/v2\/types\/product"}],"replies":[{"embeddable":true,"href":"https:\/\/betarom-fastening.ro\/hr\/wp-json\/wp\/v2\/comments?post=158265"}],"wp:featuredmedia":[{"embeddable":true,"href":"https:\/\/betarom-fastening.ro\/hr\/wp-json\/wp\/v2\/media\/158266"}],"wp:attachment":[{"href":"https:\/\/betarom-fastening.ro\/hr\/wp-json\/wp\/v2\/media?parent=158265"}],"wp:term":[{"taxonomy":"product_brand","embeddable":true,"href":"https:\/\/betarom-fastening.ro\/hr\/wp-json\/wp\/v2\/product_brand?post=158265"},{"taxonomy":"product_cat","embeddable":true,"href":"https:\/\/betarom-fastening.ro\/hr\/wp-json\/wp\/v2\/product_cat?post=158265"},{"taxonomy":"product_tag","embeddable":true,"href":"https:\/\/betarom-fastening.ro\/hr\/wp-json\/wp\/v2\/product_tag?post=158265"},{"taxonomy":"branze","embeddable":true,"href":"https:\/\/betarom-fastening.ro\/hr\/wp-json\/wp\/v2\/branze?post=158265"}],"curies":[{"name":"radni list","href":"https:\/\/api.w.org\/{rel}","templated":true}]}}