{"id":1539,"date":"2023-04-25T19:00:49","date_gmt":"2023-04-25T19:00:49","guid":{"rendered":"http:\/\/test.bizea.com.pl\/\/\/\/\/?post_type=product&#038;p=1539"},"modified":"2024-06-19T12:50:49","modified_gmt":"2024-06-19T12:50:49","slug":"bizon-sk-350-b21-stroj-za-kliniranje","status":"publish","type":"product","link":"https:\/\/betarom-fastening.ro\/hr\/produkt\/sztyfciarka-bizon-sk-350-b21\/","title":{"rendered":"Stroj za kliniranje BIZON SK\/350-B21"},"content":{"rendered":"","protected":false},"excerpt":{"rendered":"Narz\u0119dzie przeznaczone do stolarki i konstrukcji budowlanych, prac wyko\u0144czeniowych.\r\n\r\nNarz\u0119dzie posiada regulacj\u0119 g\u0142\u0119boko\u015bci wbijania, blokad\u0119 strza\u0142\u00f3w \u201ena pusto\u201d oraz mi\u0119kk\u0105 os\u0142on\u0119 nosa.\r\n\r\n<div class=\"wp-block-button\"><a class=\"wp-block-button__link wp-element-button\" target=\"_blank\" href=\"https:\/\/betarom-fastening.ro\/system\/schemat.php?urzadzenie=BIZON SK350-B21\" rel=\"noopener\">Naru\u010dite rezervne dijelove<\/a><\/div>","protected":false},"featured_media":1569,"comment_status":"open","ping_status":"closed","template":"","meta":{"inline_featured_image":false},"product_brand":[],"product_cat":[360],"product_tag":[],"branze":[],"class_list":{"0":"post-1539","1":"product","2":"type-product","3":"status-publish","4":"has-post-thumbnail","6":"product_cat-sztyfciarki","8":"first","9":"instock","10":"shipping-taxable","11":"product-type-simple"},"acf":[],"_links":{"self":[{"href":"https:\/\/betarom-fastening.ro\/hr\/wp-json\/wp\/v2\/product\/1539","targetHints":{"allow":["GET"]}}],"collection":[{"href":"https:\/\/betarom-fastening.ro\/hr\/wp-json\/wp\/v2\/product"}],"about":[{"href":"https:\/\/betarom-fastening.ro\/hr\/wp-json\/wp\/v2\/types\/product"}],"replies":[{"embeddable":true,"href":"https:\/\/betarom-fastening.ro\/hr\/wp-json\/wp\/v2\/comments?post=1539"}],"wp:featuredmedia":[{"embeddable":true,"href":"https:\/\/betarom-fastening.ro\/hr\/wp-json\/wp\/v2\/media\/1569"}],"wp:attachment":[{"href":"https:\/\/betarom-fastening.ro\/hr\/wp-json\/wp\/v2\/media?parent=1539"}],"wp:term":[{"taxonomy":"product_brand","embeddable":true,"href":"https:\/\/betarom-fastening.ro\/hr\/wp-json\/wp\/v2\/product_brand?post=1539"},{"taxonomy":"product_cat","embeddable":true,"href":"https:\/\/betarom-fastening.ro\/hr\/wp-json\/wp\/v2\/product_cat?post=1539"},{"taxonomy":"product_tag","embeddable":true,"href":"https:\/\/betarom-fastening.ro\/hr\/wp-json\/wp\/v2\/product_tag?post=1539"},{"taxonomy":"branze","embeddable":true,"href":"https:\/\/betarom-fastening.ro\/hr\/wp-json\/wp\/v2\/branze?post=1539"}],"curies":[{"name":"radni list","href":"https:\/\/api.w.org\/{rel}","templated":true}]}}