{"id":1514,"date":"2023-04-25T19:00:22","date_gmt":"2023-04-25T19:00:22","guid":{"rendered":"http:\/\/test.bizea.com.pl\/\/\/\/\/?post_type=product&#038;p=1514"},"modified":"2025-12-04T15:38:45","modified_gmt":"2025-12-04T15:38:45","slug":"bizon-140-40-b76-spajalica","status":"publish","type":"product","link":"https:\/\/betarom-fastening.ro\/hr\/produkt\/zszywacz-bizon-140-40-b76\/","title":{"rendered":"BIZON 140\/40-B76 spajalica"},"content":{"rendered":"","protected":false},"excerpt":{"rendered":"Pneumatski klamerica namijenjena za stolariju i gra\u0111evinske konstrukcije, \u010deone spojeve u namje\u0161taju i okvirne konstrukcije. Pri\u010dvr\u0161\u0107ivanje kartona i ruberoida na drvenu ambala\u017eu i palete.\r\n<div class=\"wp-block-button\"><a class=\"wp-block-button__link wp-element-button\" href=\"https:\/\/betarom-fastening.ro\/system\/schemat.php?urzadzenie=BIZON 140x40-B76\" target=\"_blank\" rel=\"noopener\">Naru\u010dite rezervne dijelove<\/a><\/div>","protected":false},"featured_media":1079,"comment_status":"open","ping_status":"closed","template":"","meta":{"inline_featured_image":false},"product_brand":[],"product_cat":[364,358],"product_tag":[],"branze":[],"class_list":{"0":"post-1514","1":"product","2":"type-product","3":"status-publish","4":"has-post-thumbnail","6":"product_cat-wbijarki-do-nakretek-klowych","7":"product_cat-zszywacze_","9":"first","10":"instock","11":"shipping-taxable","12":"product-type-simple"},"acf":[],"_links":{"self":[{"href":"https:\/\/betarom-fastening.ro\/hr\/wp-json\/wp\/v2\/product\/1514","targetHints":{"allow":["GET"]}}],"collection":[{"href":"https:\/\/betarom-fastening.ro\/hr\/wp-json\/wp\/v2\/product"}],"about":[{"href":"https:\/\/betarom-fastening.ro\/hr\/wp-json\/wp\/v2\/types\/product"}],"replies":[{"embeddable":true,"href":"https:\/\/betarom-fastening.ro\/hr\/wp-json\/wp\/v2\/comments?post=1514"}],"wp:featuredmedia":[{"embeddable":true,"href":"https:\/\/betarom-fastening.ro\/hr\/wp-json\/wp\/v2\/media\/1079"}],"wp:attachment":[{"href":"https:\/\/betarom-fastening.ro\/hr\/wp-json\/wp\/v2\/media?parent=1514"}],"wp:term":[{"taxonomy":"product_brand","embeddable":true,"href":"https:\/\/betarom-fastening.ro\/hr\/wp-json\/wp\/v2\/product_brand?post=1514"},{"taxonomy":"product_cat","embeddable":true,"href":"https:\/\/betarom-fastening.ro\/hr\/wp-json\/wp\/v2\/product_cat?post=1514"},{"taxonomy":"product_tag","embeddable":true,"href":"https:\/\/betarom-fastening.ro\/hr\/wp-json\/wp\/v2\/product_tag?post=1514"},{"taxonomy":"branze","embeddable":true,"href":"https:\/\/betarom-fastening.ro\/hr\/wp-json\/wp\/v2\/branze?post=1514"}],"curies":[{"name":"radni list","href":"https:\/\/api.w.org\/{rel}","templated":true}]}}