{"id":133498,"date":"2025-11-04T17:42:02","date_gmt":"2025-11-04T17:42:02","guid":{"rendered":"https:\/\/betarom-fastening.ro\/?post_type=product&#038;p=133498"},"modified":"2025-11-04T17:42:03","modified_gmt":"2025-11-04T17:42:03","slug":"bezicna-klamerica-bizon-53-10","status":"publish","type":"product","link":"https:\/\/betarom-fastening.ro\/hr\/produkt\/zszywacz-akumulatorowy-bizon-aku-53-10\/","title":{"rendered":"BIZON AKU 53\/10 be\u017ei\u010dna klamerica"},"content":{"rendered":"","protected":false},"excerpt":{"rendered":"\u0141atwe metkowanie wyrob\u00f3w do ogrodu,\r\nmocowanie zszywk\u0105 bez wysi\u0142ku","protected":false},"featured_media":133499,"comment_status":"open","ping_status":"closed","template":"","meta":{"inline_featured_image":false},"product_brand":[],"product_cat":[358],"product_tag":[],"branze":[],"class_list":{"0":"post-133498","1":"product","2":"type-product","3":"status-publish","4":"has-post-thumbnail","6":"product_cat-zszywacze_","8":"first","9":"instock","10":"shipping-taxable","11":"product-type-simple"},"acf":[],"_links":{"self":[{"href":"https:\/\/betarom-fastening.ro\/hr\/wp-json\/wp\/v2\/product\/133498","targetHints":{"allow":["GET"]}}],"collection":[{"href":"https:\/\/betarom-fastening.ro\/hr\/wp-json\/wp\/v2\/product"}],"about":[{"href":"https:\/\/betarom-fastening.ro\/hr\/wp-json\/wp\/v2\/types\/product"}],"replies":[{"embeddable":true,"href":"https:\/\/betarom-fastening.ro\/hr\/wp-json\/wp\/v2\/comments?post=133498"}],"wp:featuredmedia":[{"embeddable":true,"href":"https:\/\/betarom-fastening.ro\/hr\/wp-json\/wp\/v2\/media\/133499"}],"wp:attachment":[{"href":"https:\/\/betarom-fastening.ro\/hr\/wp-json\/wp\/v2\/media?parent=133498"}],"wp:term":[{"taxonomy":"product_brand","embeddable":true,"href":"https:\/\/betarom-fastening.ro\/hr\/wp-json\/wp\/v2\/product_brand?post=133498"},{"taxonomy":"product_cat","embeddable":true,"href":"https:\/\/betarom-fastening.ro\/hr\/wp-json\/wp\/v2\/product_cat?post=133498"},{"taxonomy":"product_tag","embeddable":true,"href":"https:\/\/betarom-fastening.ro\/hr\/wp-json\/wp\/v2\/product_tag?post=133498"},{"taxonomy":"branze","embeddable":true,"href":"https:\/\/betarom-fastening.ro\/hr\/wp-json\/wp\/v2\/branze?post=133498"}],"curies":[{"name":"radni list","href":"https:\/\/api.w.org\/{rel}","templated":true}]}}