{"id":5564,"date":"2024-08-24T20:05:44","date_gmt":"2024-08-24T20:05:44","guid":{"rendered":"http:\/\/test.betarom-fastening.ro\/?page_id=5564"},"modified":"2024-08-24T20:05:44","modified_gmt":"2024-08-24T20:05:44","slug":"karijera-2","status":"publish","type":"page","link":"https:\/\/betarom-fastening.ro\/hr\/kariera-2\/","title":{"rendered":"Karijera"},"content":{"rendered":"<p>Uvijek rado zapo\u0161ljavamo motivirane, organizirane i strastvene ljude. Ako ste zainteresirani pridru\u017eiti se na\u0161em timu, pogledajte dolje navedene mogu\u0107nosti zapo\u0161ljavanja. Alternativno, mo\u017eete nam poslati e-po\u0161tu sa svojim podacima.<\/p>","protected":false},"excerpt":{"rendered":"Uvijek rado zapo\u0161ljavamo motivirane, organizirane i strastvene pojedince. Ako ste zainteresirani...","protected":false},"author":2,"featured_media":0,"parent":0,"menu_order":0,"comment_status":"closed","ping_status":"closed","template":"","meta":{"inline_featured_image":false,"footnotes":""},"class_list":["post-5564","page","type-page","status-publish","hentry"],"acf":[],"_links":{"self":[{"href":"https:\/\/betarom-fastening.ro\/hr\/wp-json\/wp\/v2\/pages\/5564","targetHints":{"allow":["GET"]}}],"collection":[{"href":"https:\/\/betarom-fastening.ro\/hr\/wp-json\/wp\/v2\/pages"}],"about":[{"href":"https:\/\/betarom-fastening.ro\/hr\/wp-json\/wp\/v2\/types\/page"}],"author":[{"embeddable":true,"href":"https:\/\/betarom-fastening.ro\/hr\/wp-json\/wp\/v2\/users\/2"}],"replies":[{"embeddable":true,"href":"https:\/\/betarom-fastening.ro\/hr\/wp-json\/wp\/v2\/comments?post=5564"}],"version-history":[{"count":1,"href":"https:\/\/betarom-fastening.ro\/hr\/wp-json\/wp\/v2\/pages\/5564\/revisions"}],"predecessor-version":[{"id":5565,"href":"https:\/\/betarom-fastening.ro\/hr\/wp-json\/wp\/v2\/pages\/5564\/revisions\/5565"}],"wp:attachment":[{"href":"https:\/\/betarom-fastening.ro\/hr\/wp-json\/wp\/v2\/media?parent=5564"}],"curies":[{"name":"radni list","href":"https:\/\/api.w.org\/{rel}","templated":true}]}}