{"id":5481,"date":"2024-08-06T13:35:42","date_gmt":"2024-08-06T13:35:42","guid":{"rendered":"http:\/\/test.betarom-fastening.ro\/?post_type=product&#038;p=5481"},"modified":"2025-12-04T15:13:27","modified_gmt":"2025-12-04T15:13:27","slug":"hot-melt-glue-hm-613-12","status":"publish","type":"product","link":"https:\/\/betarom-fastening.ro\/en\/produkt\/klej-termotopliwy-hm-613-12\/","title":{"rendered":"Hot melt glue HM 613\/12"},"content":{"rendered":"","protected":false},"excerpt":{"rendered":"Do papieru i tektury, do tkanin, tworzyw sztucznych, ceramiki i innych materia\u0142\u00f3w \u015bliskich o niskiej chropowato\u015bci.\r\n\r\nKlej w kolorze jasno\u017c\u00f3\u0142tym, EVA, o \u015bredniej lepko\u015bci, du\u017ca przyczepno\u015b\u0107, ekonomiczny.","protected":false},"featured_media":5513,"comment_status":"open","ping_status":"closed","template":"","meta":{"inline_featured_image":false},"product_brand":[],"product_cat":[404,405,406],"product_tag":[],"branze":[],"class_list":{"0":"post-5481","1":"product","2":"type-product","3":"status-publish","4":"has-post-thumbnail","6":"product_cat-opakowania","7":"product_cat-produkty-z-drewna","8":"product_cat-rozne-materialy","10":"first","11":"instock","12":"shipping-taxable","13":"product-type-simple"},"acf":[],"_links":{"self":[{"href":"https:\/\/betarom-fastening.ro\/en\/wp-json\/wp\/v2\/product\/5481","targetHints":{"allow":["GET"]}}],"collection":[{"href":"https:\/\/betarom-fastening.ro\/en\/wp-json\/wp\/v2\/product"}],"about":[{"href":"https:\/\/betarom-fastening.ro\/en\/wp-json\/wp\/v2\/types\/product"}],"replies":[{"embeddable":true,"href":"https:\/\/betarom-fastening.ro\/en\/wp-json\/wp\/v2\/comments?post=5481"}],"wp:featuredmedia":[{"embeddable":true,"href":"https:\/\/betarom-fastening.ro\/en\/wp-json\/wp\/v2\/media\/5513"}],"wp:attachment":[{"href":"https:\/\/betarom-fastening.ro\/en\/wp-json\/wp\/v2\/media?parent=5481"}],"wp:term":[{"taxonomy":"product_brand","embeddable":true,"href":"https:\/\/betarom-fastening.ro\/en\/wp-json\/wp\/v2\/product_brand?post=5481"},{"taxonomy":"product_cat","embeddable":true,"href":"https:\/\/betarom-fastening.ro\/en\/wp-json\/wp\/v2\/product_cat?post=5481"},{"taxonomy":"product_tag","embeddable":true,"href":"https:\/\/betarom-fastening.ro\/en\/wp-json\/wp\/v2\/product_tag?post=5481"},{"taxonomy":"branze","embeddable":true,"href":"https:\/\/betarom-fastening.ro\/en\/wp-json\/wp\/v2\/branze?post=5481"}],"curies":[{"name":"wp","href":"https:\/\/api.w.org\/{rel}","templated":true}]}}