{"id":5473,"date":"2024-08-06T13:22:46","date_gmt":"2024-08-06T13:22:46","guid":{"rendered":"http:\/\/test.betarom-fastening.ro\/?post_type=product&#038;p=5473"},"modified":"2024-08-06T14:58:56","modified_gmt":"2024-08-06T14:58:56","slug":"hot-melt-glue-hm-502-43","status":"publish","type":"product","link":"https:\/\/betarom-fastening.ro\/en\/produkt\/klej-termotopliwy-hm-502-43\/","title":{"rendered":"Hot melt glue HM 502\/43"},"content":{"rendered":"","protected":false},"excerpt":{"rendered":"Do papieru, tektury i p\u0142yt pil\u015bniowych.\r\n\r\nKlej w kolorze jasnobe\u017cowym, EVA, nisko wonny, o \u015bredniej lepko\u015bci i kr\u00f3tkim czasie otwartym. Przystosowany do \u0142\u0105czenia opakowa\u0144 tekturowych, kt\u00f3re po sklejeniu zyskuj\u0105 du\u017c\u0105 sztywno\u015b\u0107. Klej pe\u0142ni r\u00f3wnie\u017c funkcj\u0119 plomby i podnosi estetyk\u0119 opakowania.","protected":false},"featured_media":5505,"comment_status":"open","ping_status":"closed","template":"","meta":{"inline_featured_image":false},"product_brand":[],"product_cat":[404],"product_tag":[],"branze":[],"class_list":{"0":"post-5473","1":"product","2":"type-product","3":"status-publish","4":"has-post-thumbnail","6":"product_cat-opakowania","8":"first","9":"instock","10":"shipping-taxable","11":"product-type-simple"},"acf":[],"_links":{"self":[{"href":"https:\/\/betarom-fastening.ro\/en\/wp-json\/wp\/v2\/product\/5473","targetHints":{"allow":["GET"]}}],"collection":[{"href":"https:\/\/betarom-fastening.ro\/en\/wp-json\/wp\/v2\/product"}],"about":[{"href":"https:\/\/betarom-fastening.ro\/en\/wp-json\/wp\/v2\/types\/product"}],"replies":[{"embeddable":true,"href":"https:\/\/betarom-fastening.ro\/en\/wp-json\/wp\/v2\/comments?post=5473"}],"wp:featuredmedia":[{"embeddable":true,"href":"https:\/\/betarom-fastening.ro\/en\/wp-json\/wp\/v2\/media\/5505"}],"wp:attachment":[{"href":"https:\/\/betarom-fastening.ro\/en\/wp-json\/wp\/v2\/media?parent=5473"}],"wp:term":[{"taxonomy":"product_brand","embeddable":true,"href":"https:\/\/betarom-fastening.ro\/en\/wp-json\/wp\/v2\/product_brand?post=5473"},{"taxonomy":"product_cat","embeddable":true,"href":"https:\/\/betarom-fastening.ro\/en\/wp-json\/wp\/v2\/product_cat?post=5473"},{"taxonomy":"product_tag","embeddable":true,"href":"https:\/\/betarom-fastening.ro\/en\/wp-json\/wp\/v2\/product_tag?post=5473"},{"taxonomy":"branze","embeddable":true,"href":"https:\/\/betarom-fastening.ro\/en\/wp-json\/wp\/v2\/branze?post=5473"}],"curies":[{"name":"wp","href":"https:\/\/api.w.org\/{rel}","templated":true}]}}