{"id":5412,"date":"2024-08-05T16:31:16","date_gmt":"2024-08-05T16:31:16","guid":{"rendered":"http:\/\/test.betarom-fastening.ro\/?post_type=product&#038;p=5412"},"modified":"2025-07-29T14:15:12","modified_gmt":"2025-07-29T14:15:12","slug":"pp-fastening-tapes","status":"publish","type":"product","link":"https:\/\/betarom-fastening.ro\/en\/produkt\/tasmy-spinajace-pp\/","title":{"rendered":"PP strapping tapes"},"content":{"rendered":"","protected":false},"excerpt":{"rendered":"<strong>PP tape<\/strong>\u00a0do zabezpieczania i stabilizowania \u0142adunk\u00f3w na palecie, zamykania opakowa\u0144 kartonowych, spinania element\u00f3w drewnianych, plastikowych czy metalowych.\r\n\r\n\u2022 wykonana z polipropylenu \u2013 wytrzyma\u0142ego i odpornego tworzywa sztucznego\r\n\u2022 wytrzyma\u0142a \u2013 umo\u017cliwia uzyskanie du\u017cego napr\u0119\u017cenia bez rozlu\u017aniania \u0142adunku podczas transportu\r\n\u2022 \u0142atwa w u\u017cyciu \u2013 mo\u017cna j\u0105 \u0142\u0105czy\u0107 za pomoc\u0105 zapinek przy u\u017cyciu napinacza\r\n\u2022 zgrzewalna\r\n\u2022 wyprodukowana w Polsce\r\n\u2022 zawiera 20-30 % surowca pochodzenia z recyklingu","protected":false},"featured_media":42667,"comment_status":"open","ping_status":"closed","template":"","meta":{"inline_featured_image":false},"product_brand":[],"product_cat":[386],"product_tag":[],"branze":[],"class_list":{"0":"post-5412","1":"product","2":"type-product","3":"status-publish","4":"has-post-thumbnail","6":"product_cat-tasmy-spinajace-pp-i-akcesoria","8":"first","9":"instock","10":"shipping-taxable","11":"product-type-simple"},"acf":[],"_links":{"self":[{"href":"https:\/\/betarom-fastening.ro\/en\/wp-json\/wp\/v2\/product\/5412","targetHints":{"allow":["GET"]}}],"collection":[{"href":"https:\/\/betarom-fastening.ro\/en\/wp-json\/wp\/v2\/product"}],"about":[{"href":"https:\/\/betarom-fastening.ro\/en\/wp-json\/wp\/v2\/types\/product"}],"replies":[{"embeddable":true,"href":"https:\/\/betarom-fastening.ro\/en\/wp-json\/wp\/v2\/comments?post=5412"}],"wp:featuredmedia":[{"embeddable":true,"href":"https:\/\/betarom-fastening.ro\/en\/wp-json\/wp\/v2\/media\/42667"}],"wp:attachment":[{"href":"https:\/\/betarom-fastening.ro\/en\/wp-json\/wp\/v2\/media?parent=5412"}],"wp:term":[{"taxonomy":"product_brand","embeddable":true,"href":"https:\/\/betarom-fastening.ro\/en\/wp-json\/wp\/v2\/product_brand?post=5412"},{"taxonomy":"product_cat","embeddable":true,"href":"https:\/\/betarom-fastening.ro\/en\/wp-json\/wp\/v2\/product_cat?post=5412"},{"taxonomy":"product_tag","embeddable":true,"href":"https:\/\/betarom-fastening.ro\/en\/wp-json\/wp\/v2\/product_tag?post=5412"},{"taxonomy":"branze","embeddable":true,"href":"https:\/\/betarom-fastening.ro\/en\/wp-json\/wp\/v2\/branze?post=5412"}],"curies":[{"name":"wp","href":"https:\/\/api.w.org\/{rel}","templated":true}]}}