{"id":4177,"date":"2023-11-13T16:19:19","date_gmt":"2023-11-13T16:19:19","guid":{"rendered":"http:\/\/test.betarom-fastening.ro\/?post_type=product&#038;p=4177"},"modified":"2025-01-21T17:59:51","modified_gmt":"2025-01-21T17:59:51","slug":"spring-balancer-z15-30","status":"publish","type":"product","link":"https:\/\/betarom-fastening.ro\/en\/produkt\/balanser-odciaznik-sprezynowy-z15-30\/","title":{"rendered":"Balancer, spring balancer Z15-30"},"content":{"rendered":"","protected":false},"excerpt":{"rendered":"Balansery zwane r\u00f3wnie\u017c odci\u0105\u017cnikami s\u0142u\u017c\u0105 do podwieszenia narz\u0119dzi na stanowiskach monta\u017cowych.\r\nCi\u0119\u017car narz\u0119dzia zostaje zbalansowany dzi\u0119ki spr\u0119\u017cynie zwijaj\u0105cej link\u0119 odci\u0105\u017cnika.\r\n\r\nWa\u017cne jest aby dobra\u0107 balanser do wagi narz\u0119dzia, st\u0105d w naszej ofercie kilka modeli o r\u00f3\u017cnym ud\u017awigu.\r\n\r\n<div class=\"wp-block-button\"><a class=\"wp-block-button__link wp-element-button\" target=\"_blank\" href=\"https:\/\/betarom-fastening.ro\/system\/akcesoria2.php?kat_id=9\" rel=\"noopener\">Go to parts order<\/a><\/div>","protected":false},"featured_media":4566,"comment_status":"open","ping_status":"closed","template":"","meta":{"inline_featured_image":false},"product_brand":[],"product_cat":[371],"product_tag":[],"branze":[],"class_list":{"0":"post-4177","1":"product","2":"type-product","3":"status-publish","4":"has-post-thumbnail","6":"product_cat-odciazniki-dmuchawki-wyciagacz-zszywek","8":"first","9":"instock","10":"shipping-taxable","11":"product-type-simple"},"acf":[],"_links":{"self":[{"href":"https:\/\/betarom-fastening.ro\/en\/wp-json\/wp\/v2\/product\/4177","targetHints":{"allow":["GET"]}}],"collection":[{"href":"https:\/\/betarom-fastening.ro\/en\/wp-json\/wp\/v2\/product"}],"about":[{"href":"https:\/\/betarom-fastening.ro\/en\/wp-json\/wp\/v2\/types\/product"}],"replies":[{"embeddable":true,"href":"https:\/\/betarom-fastening.ro\/en\/wp-json\/wp\/v2\/comments?post=4177"}],"wp:featuredmedia":[{"embeddable":true,"href":"https:\/\/betarom-fastening.ro\/en\/wp-json\/wp\/v2\/media\/4566"}],"wp:attachment":[{"href":"https:\/\/betarom-fastening.ro\/en\/wp-json\/wp\/v2\/media?parent=4177"}],"wp:term":[{"taxonomy":"product_brand","embeddable":true,"href":"https:\/\/betarom-fastening.ro\/en\/wp-json\/wp\/v2\/product_brand?post=4177"},{"taxonomy":"product_cat","embeddable":true,"href":"https:\/\/betarom-fastening.ro\/en\/wp-json\/wp\/v2\/product_cat?post=4177"},{"taxonomy":"product_tag","embeddable":true,"href":"https:\/\/betarom-fastening.ro\/en\/wp-json\/wp\/v2\/product_tag?post=4177"},{"taxonomy":"branze","embeddable":true,"href":"https:\/\/betarom-fastening.ro\/en\/wp-json\/wp\/v2\/branze?post=4177"}],"curies":[{"name":"wp","href":"https:\/\/api.w.org\/{rel}","templated":true}]}}