{"id":4114,"date":"2023-11-10T13:26:46","date_gmt":"2023-11-10T13:26:46","guid":{"rendered":"http:\/\/test.betarom-fastening.ro\/?post_type=product&#038;p=4114"},"modified":"2025-01-21T17:32:54","modified_gmt":"2025-01-21T17:32:54","slug":"non-rotating-connectors-for-spiral-cables-pu","status":"publish","type":"product","link":"https:\/\/betarom-fastening.ro\/en\/produkt\/zlaczki-bez-obrotu-do-przewodow-spiralnych-pu\/","title":{"rendered":"Non-rotating connectors for PU spiral cables"},"content":{"rendered":"","protected":false},"excerpt":{"rendered":"Z\u0142\u0105czki bez obrotu nakr\u0119tka z tulej\u0105 zabezpieczaj\u0105c\u0105 z tworzywa.\r\n\r\nZobacz dost\u0119pne wymiary w tabelce: Dane techniczne\r\n\r\n<div class=\"wp-block-button\"><a class=\"wp-block-button__link wp-element-button\" target=\"_blank\" href=\"https:\/\/betarom-fastening.ro\/system\/akcesoria2.php?kat_id=6\" rel=\"noopener\">Go to parts order<\/a><\/div>","protected":false},"featured_media":4232,"comment_status":"open","ping_status":"closed","template":"","meta":{"inline_featured_image":false},"product_brand":[],"product_cat":[369],"product_tag":[],"branze":[],"class_list":{"0":"post-4114","1":"product","2":"type-product","3":"status-publish","4":"has-post-thumbnail","6":"product_cat-przewody-do-sprezonego-powietrza","8":"first","9":"instock","10":"shipping-taxable","11":"product-type-simple"},"acf":[],"_links":{"self":[{"href":"https:\/\/betarom-fastening.ro\/en\/wp-json\/wp\/v2\/product\/4114","targetHints":{"allow":["GET"]}}],"collection":[{"href":"https:\/\/betarom-fastening.ro\/en\/wp-json\/wp\/v2\/product"}],"about":[{"href":"https:\/\/betarom-fastening.ro\/en\/wp-json\/wp\/v2\/types\/product"}],"replies":[{"embeddable":true,"href":"https:\/\/betarom-fastening.ro\/en\/wp-json\/wp\/v2\/comments?post=4114"}],"wp:featuredmedia":[{"embeddable":true,"href":"https:\/\/betarom-fastening.ro\/en\/wp-json\/wp\/v2\/media\/4232"}],"wp:attachment":[{"href":"https:\/\/betarom-fastening.ro\/en\/wp-json\/wp\/v2\/media?parent=4114"}],"wp:term":[{"taxonomy":"product_brand","embeddable":true,"href":"https:\/\/betarom-fastening.ro\/en\/wp-json\/wp\/v2\/product_brand?post=4114"},{"taxonomy":"product_cat","embeddable":true,"href":"https:\/\/betarom-fastening.ro\/en\/wp-json\/wp\/v2\/product_cat?post=4114"},{"taxonomy":"product_tag","embeddable":true,"href":"https:\/\/betarom-fastening.ro\/en\/wp-json\/wp\/v2\/product_tag?post=4114"},{"taxonomy":"branze","embeddable":true,"href":"https:\/\/betarom-fastening.ro\/en\/wp-json\/wp\/v2\/branze?post=4114"}],"curies":[{"name":"wp","href":"https:\/\/api.w.org\/{rel}","templated":true}]}}