{"id":2504,"date":"2023-05-05T15:43:51","date_gmt":"2023-05-05T15:43:51","guid":{"rendered":"http:\/\/test.betarom-fastening.ro\/?post_type=product&#038;p=2504"},"modified":"2024-11-18T09:14:06","modified_gmt":"2024-11-18T09:14:06","slug":"tec-6300-vac-tac-glue-gun","status":"publish","type":"product","link":"https:\/\/betarom-fastening.ro\/en\/produkt\/pistolet-do-kleju-tec-6300-vac-tac\/","title":{"rendered":"TEC 6300 VAC-TAC glue gun"},"content":{"rendered":"","protected":false},"excerpt":{"rendered":"Przemys\u0142owy pistolet klejowy do natrysku klej\u00f3w VAC-TAC oraz SP.\r\n\r\nPistolety w zestawach VAC-TAC wyposa\u017cone s\u0105 w przed\u0142u\u017cacz 12 mb, dwa przewody pneumatyczny i elektryczny ze z\u0142\u0105czami.\r\n\r\nPneumatyczne podawanie i natrysk kleju","protected":false},"featured_media":2505,"comment_status":"open","ping_status":"closed","template":"","meta":{"inline_featured_image":false},"product_brand":[],"product_cat":[411],"product_tag":[],"branze":[],"class_list":{"0":"post-2504","1":"product","2":"type-product","3":"status-publish","4":"has-post-thumbnail","6":"product_cat-pistolety-do-wkladow-o43-mm","8":"first","9":"instock","10":"shipping-taxable","11":"product-type-simple"},"acf":[],"_links":{"self":[{"href":"https:\/\/betarom-fastening.ro\/en\/wp-json\/wp\/v2\/product\/2504","targetHints":{"allow":["GET"]}}],"collection":[{"href":"https:\/\/betarom-fastening.ro\/en\/wp-json\/wp\/v2\/product"}],"about":[{"href":"https:\/\/betarom-fastening.ro\/en\/wp-json\/wp\/v2\/types\/product"}],"replies":[{"embeddable":true,"href":"https:\/\/betarom-fastening.ro\/en\/wp-json\/wp\/v2\/comments?post=2504"}],"wp:featuredmedia":[{"embeddable":true,"href":"https:\/\/betarom-fastening.ro\/en\/wp-json\/wp\/v2\/media\/2505"}],"wp:attachment":[{"href":"https:\/\/betarom-fastening.ro\/en\/wp-json\/wp\/v2\/media?parent=2504"}],"wp:term":[{"taxonomy":"product_brand","embeddable":true,"href":"https:\/\/betarom-fastening.ro\/en\/wp-json\/wp\/v2\/product_brand?post=2504"},{"taxonomy":"product_cat","embeddable":true,"href":"https:\/\/betarom-fastening.ro\/en\/wp-json\/wp\/v2\/product_cat?post=2504"},{"taxonomy":"product_tag","embeddable":true,"href":"https:\/\/betarom-fastening.ro\/en\/wp-json\/wp\/v2\/product_tag?post=2504"},{"taxonomy":"branze","embeddable":true,"href":"https:\/\/betarom-fastening.ro\/en\/wp-json\/wp\/v2\/branze?post=2504"}],"curies":[{"name":"wp","href":"https:\/\/api.w.org\/{rel}","templated":true}]}}