{"id":2486,"date":"2023-05-05T14:58:49","date_gmt":"2023-05-05T14:58:49","guid":{"rendered":"http:\/\/test.betarom-fastening.ro\/?post_type=product&#038;p=2486"},"modified":"2026-03-02T13:02:52","modified_gmt":"2026-03-02T13:02:52","slug":"tec-808-12-battery-glue-gun","status":"publish","type":"product","link":"https:\/\/betarom-fastening.ro\/en\/produkt\/pistolet-klejowy-tec-808-12-akumulatorowy\/","title":{"rendered":"TEC 808-12 battery-powered glue gun"},"content":{"rendered":"","protected":false},"excerpt":{"rendered":"Przemys\u0142owy, wysokiej klasy pistolet do klej\u00f3w topliwych \u2013 wk\u0142ady 12 mm.\r\n\r\nPolecany tam gdzie nie ma mo\u017cliwo\u015bci wygodnego zasilania z sieci.\r\n\r\nZamykanie opakowa\u0144 tekturowych, r\u00f3\u017cne prace monta\u017cowe w wielu ga\u0142\u0119ziach przemys\u0142u a tak\u017ce budownictwie i wystawiennictwie.","protected":false},"featured_media":158279,"comment_status":"open","ping_status":"closed","template":"","meta":{"inline_featured_image":false},"product_brand":[],"product_cat":[410],"product_tag":[],"branze":[],"class_list":{"0":"post-2486","1":"product","2":"type-product","3":"status-publish","4":"has-post-thumbnail","6":"product_cat-pistolety-do-wkladow-o12-mm","8":"first","9":"instock","10":"shipping-taxable","11":"product-type-simple"},"acf":[],"_links":{"self":[{"href":"https:\/\/betarom-fastening.ro\/en\/wp-json\/wp\/v2\/product\/2486","targetHints":{"allow":["GET"]}}],"collection":[{"href":"https:\/\/betarom-fastening.ro\/en\/wp-json\/wp\/v2\/product"}],"about":[{"href":"https:\/\/betarom-fastening.ro\/en\/wp-json\/wp\/v2\/types\/product"}],"replies":[{"embeddable":true,"href":"https:\/\/betarom-fastening.ro\/en\/wp-json\/wp\/v2\/comments?post=2486"}],"wp:featuredmedia":[{"embeddable":true,"href":"https:\/\/betarom-fastening.ro\/en\/wp-json\/wp\/v2\/media\/158279"}],"wp:attachment":[{"href":"https:\/\/betarom-fastening.ro\/en\/wp-json\/wp\/v2\/media?parent=2486"}],"wp:term":[{"taxonomy":"product_brand","embeddable":true,"href":"https:\/\/betarom-fastening.ro\/en\/wp-json\/wp\/v2\/product_brand?post=2486"},{"taxonomy":"product_cat","embeddable":true,"href":"https:\/\/betarom-fastening.ro\/en\/wp-json\/wp\/v2\/product_cat?post=2486"},{"taxonomy":"product_tag","embeddable":true,"href":"https:\/\/betarom-fastening.ro\/en\/wp-json\/wp\/v2\/product_tag?post=2486"},{"taxonomy":"branze","embeddable":true,"href":"https:\/\/betarom-fastening.ro\/en\/wp-json\/wp\/v2\/branze?post=2486"}],"curies":[{"name":"wp","href":"https:\/\/api.w.org\/{rel}","templated":true}]}}