{"id":2142,"date":"2023-04-27T12:23:12","date_gmt":"2023-04-27T12:23:12","guid":{"rendered":"https:\/\/test.bizea.com.pl\/\/?post_type=product&#038;p=2142"},"modified":"2023-07-20T11:24:40","modified_gmt":"2023-07-20T11:24:40","slug":"pneumatic-rotary-upholstery-glue-table-tbko","status":"publish","type":"product","link":"https:\/\/betarom-fastening.ro\/en\/produkt\/pneumatyczny-obrotowy-stol-tapicerski-klejowy-tbko\/","title":{"rendered":"Pneumatic rotary upholstery glue table TBKO"},"content":{"rendered":"","protected":false},"excerpt":{"rendered":"Stabilna, trwa\u0142a i solidna konstrukcja.\r\nBlat roboczy pokryty blach\u0105 ze stali nierdzewnej zapewnia utrzymanie czysto\u015bci i odprowadzenie \u0142adunk\u00f3w elektrostatycznych.\r\n\r\nPe\u0142ny obr\u00f3t blatu wok\u00f3\u0142 osi bez ogranicze\u0144. Pneumatyczna sterowana nog\u0105 blokada obrotu (wykonanie Z).\r\nRegulacja wysoko\u015bci za pomoc\u0105 no\u017cnych d\u017awigni umieszczonych po obu stronach sto\u0142u.","protected":false},"featured_media":2143,"comment_status":"open","ping_status":"closed","template":"","meta":{"inline_featured_image":false},"product_brand":[],"product_cat":[53],"product_tag":[],"branze":[],"class_list":{"0":"post-2142","1":"product","2":"type-product","3":"status-publish","4":"has-post-thumbnail","6":"product_cat-stoly_tapicerskie_i_paletowe","8":"first","9":"instock","10":"shipping-taxable","11":"product-type-simple"},"acf":[],"_links":{"self":[{"href":"https:\/\/betarom-fastening.ro\/en\/wp-json\/wp\/v2\/product\/2142","targetHints":{"allow":["GET"]}}],"collection":[{"href":"https:\/\/betarom-fastening.ro\/en\/wp-json\/wp\/v2\/product"}],"about":[{"href":"https:\/\/betarom-fastening.ro\/en\/wp-json\/wp\/v2\/types\/product"}],"replies":[{"embeddable":true,"href":"https:\/\/betarom-fastening.ro\/en\/wp-json\/wp\/v2\/comments?post=2142"}],"wp:featuredmedia":[{"embeddable":true,"href":"https:\/\/betarom-fastening.ro\/en\/wp-json\/wp\/v2\/media\/2143"}],"wp:attachment":[{"href":"https:\/\/betarom-fastening.ro\/en\/wp-json\/wp\/v2\/media?parent=2142"}],"wp:term":[{"taxonomy":"product_brand","embeddable":true,"href":"https:\/\/betarom-fastening.ro\/en\/wp-json\/wp\/v2\/product_brand?post=2142"},{"taxonomy":"product_cat","embeddable":true,"href":"https:\/\/betarom-fastening.ro\/en\/wp-json\/wp\/v2\/product_cat?post=2142"},{"taxonomy":"product_tag","embeddable":true,"href":"https:\/\/betarom-fastening.ro\/en\/wp-json\/wp\/v2\/product_tag?post=2142"},{"taxonomy":"branze","embeddable":true,"href":"https:\/\/betarom-fastening.ro\/en\/wp-json\/wp\/v2\/branze?post=2142"}],"curies":[{"name":"wp","href":"https:\/\/api.w.org\/{rel}","templated":true}]}}