{"id":2111,"date":"2023-04-27T10:05:58","date_gmt":"2023-04-27T10:05:58","guid":{"rendered":"https:\/\/test.bizea.com.pl\/\/?post_type=product&#038;p=2111"},"modified":"2024-11-14T13:30:13","modified_gmt":"2024-11-14T13:30:13","slug":"bizon-zn110-nailer-16-pieces","status":"publish","type":"product","link":"https:\/\/betarom-fastening.ro\/en\/produkt\/gwozdziarka-bizon-zn110-16-luz\/","title":{"rendered":"BIZON ZN110-16 nailer Luz"},"content":{"rendered":"","protected":false},"excerpt":{"rendered":"Gwo\u017adziarka pneumatyczna do osadzania gwo\u017adzi tapicerskich podawanych luzem\r\n\r\nBIZON ZN\/110-16 LUZ &#8211; gwo\u017adzie ZN o \u015brednicy od 9,5 mm do 11,6 mm, d\u0142ugo\u015bci 12-16 mm","protected":false},"featured_media":2112,"comment_status":"open","ping_status":"closed","template":"","meta":{"inline_featured_image":false},"product_brand":[],"product_cat":[365],"product_tag":[],"branze":[],"class_list":{"0":"post-2111","1":"product","2":"type-product","3":"status-publish","4":"has-post-thumbnail","6":"product_cat-narzedzia-specjalne","8":"first","9":"instock","10":"shipping-taxable","11":"product-type-simple"},"acf":[],"_links":{"self":[{"href":"https:\/\/betarom-fastening.ro\/en\/wp-json\/wp\/v2\/product\/2111","targetHints":{"allow":["GET"]}}],"collection":[{"href":"https:\/\/betarom-fastening.ro\/en\/wp-json\/wp\/v2\/product"}],"about":[{"href":"https:\/\/betarom-fastening.ro\/en\/wp-json\/wp\/v2\/types\/product"}],"replies":[{"embeddable":true,"href":"https:\/\/betarom-fastening.ro\/en\/wp-json\/wp\/v2\/comments?post=2111"}],"wp:featuredmedia":[{"embeddable":true,"href":"https:\/\/betarom-fastening.ro\/en\/wp-json\/wp\/v2\/media\/2112"}],"wp:attachment":[{"href":"https:\/\/betarom-fastening.ro\/en\/wp-json\/wp\/v2\/media?parent=2111"}],"wp:term":[{"taxonomy":"product_brand","embeddable":true,"href":"https:\/\/betarom-fastening.ro\/en\/wp-json\/wp\/v2\/product_brand?post=2111"},{"taxonomy":"product_cat","embeddable":true,"href":"https:\/\/betarom-fastening.ro\/en\/wp-json\/wp\/v2\/product_cat?post=2111"},{"taxonomy":"product_tag","embeddable":true,"href":"https:\/\/betarom-fastening.ro\/en\/wp-json\/wp\/v2\/product_tag?post=2111"},{"taxonomy":"branze","embeddable":true,"href":"https:\/\/betarom-fastening.ro\/en\/wp-json\/wp\/v2\/branze?post=2111"}],"curies":[{"name":"wp","href":"https:\/\/api.w.org\/{rel}","templated":true}]}}