{"id":1639,"date":"2023-04-25T19:02:37","date_gmt":"2023-04-25T19:02:37","guid":{"rendered":"http:\/\/test.bizea.com.pl\/\/\/\/\/?post_type=product&#038;p=1639"},"modified":"2024-11-14T13:07:40","modified_gmt":"2024-11-14T13:07:40","slug":"stapler-c-ring-mechanical-bizon-cl12-3m43","status":"publish","type":"product","link":"https:\/\/betarom-fastening.ro\/en\/produkt\/zszywacz-c-ring-mechaniczny-bizon-cl12-3m43\/","title":{"rendered":"BIZON CL12-3M43 mechanical C-Ring stapler"},"content":{"rendered":"","protected":false},"excerpt":{"rendered":"Podstawowe zastosowania:\r\n\r\n&#8211; zamykanie work\u00f3w i inne aplikacje zwi\u0105zane z pakowaniem\r\n\r\n&#8211; produkcja klatek dla zwierz\u0105t futerkowych, znakowanie ro\u015blin, sztuczne choinki\r\n\r\n&#8211; po\u0142\u0105czenia drut\u00f3w ostrzowych w ogrodzeniach specjalnych, wi\u0119zienia, armia","protected":false},"featured_media":1688,"comment_status":"open","ping_status":"closed","template":"","meta":{"inline_featured_image":false},"product_brand":[],"product_cat":[362],"product_tag":[],"branze":[],"class_list":{"0":"post-1639","1":"product","2":"type-product","3":"status-publish","4":"has-post-thumbnail","6":"product_cat-zszywacze-c-ring","8":"first","9":"instock","10":"shipping-taxable","11":"product-type-simple"},"acf":[],"_links":{"self":[{"href":"https:\/\/betarom-fastening.ro\/en\/wp-json\/wp\/v2\/product\/1639","targetHints":{"allow":["GET"]}}],"collection":[{"href":"https:\/\/betarom-fastening.ro\/en\/wp-json\/wp\/v2\/product"}],"about":[{"href":"https:\/\/betarom-fastening.ro\/en\/wp-json\/wp\/v2\/types\/product"}],"replies":[{"embeddable":true,"href":"https:\/\/betarom-fastening.ro\/en\/wp-json\/wp\/v2\/comments?post=1639"}],"wp:featuredmedia":[{"embeddable":true,"href":"https:\/\/betarom-fastening.ro\/en\/wp-json\/wp\/v2\/media\/1688"}],"wp:attachment":[{"href":"https:\/\/betarom-fastening.ro\/en\/wp-json\/wp\/v2\/media?parent=1639"}],"wp:term":[{"taxonomy":"product_brand","embeddable":true,"href":"https:\/\/betarom-fastening.ro\/en\/wp-json\/wp\/v2\/product_brand?post=1639"},{"taxonomy":"product_cat","embeddable":true,"href":"https:\/\/betarom-fastening.ro\/en\/wp-json\/wp\/v2\/product_cat?post=1639"},{"taxonomy":"product_tag","embeddable":true,"href":"https:\/\/betarom-fastening.ro\/en\/wp-json\/wp\/v2\/product_tag?post=1639"},{"taxonomy":"branze","embeddable":true,"href":"https:\/\/betarom-fastening.ro\/en\/wp-json\/wp\/v2\/branze?post=1639"}],"curies":[{"name":"wp","href":"https:\/\/api.w.org\/{rel}","templated":true}]}}