{"id":1575,"date":"2023-04-25T19:01:23","date_gmt":"2023-04-25T19:01:23","guid":{"rendered":"http:\/\/test.bizea.com.pl\/\/\/\/\/?post_type=product&#038;p=1575"},"modified":"2024-11-14T12:02:05","modified_gmt":"2024-11-14T12:02:05","slug":"bea-572-dc-nailer","status":"publish","type":"product","link":"https:\/\/betarom-fastening.ro\/en\/produkt\/gwozdziarka-bea-572-dc\/","title":{"rendered":"BeA 572 DC nailer"},"content":{"rendered":"","protected":false},"excerpt":{"rendered":"&#8211; mocna solidna konstrukcja\r\n&#8211; wydech regulowany 360<sup>0<\/sup>\r\n&#8211; zintegrowane t\u0142umienie ha\u0142asu\r\n&#8211; ergonomiczny, ocieplony uchwyt\r\n&#8211; metalowe pod\u0142o\u017ce zwoj\u00f3w\r\n&#8211; prze\u017aroczysta ochrona przed kurzem\r\n&#8211; szybkie wyzwalanie kontaktowe\r\n<!--\r\n<div class=\"wp-block-button\"><a class=\"wp-block-button__link wp-element-button\" target=\"_blank\" href=\"https:\/\/betarom-fastening.ro\/system\/schemat.php?urzadzenie=572DCC\" rel=\"noopener\">Zam\u00f3w cz\u0119\u015bci zamienne<\/a><\/div>\r\n-->","protected":false},"featured_media":1626,"comment_status":"open","ping_status":"closed","template":"","meta":{"inline_featured_image":false},"product_brand":[],"product_cat":[359],"product_tag":[],"branze":[],"class_list":{"0":"post-1575","1":"product","2":"type-product","3":"status-publish","4":"has-post-thumbnail","6":"product_cat-gwozdziarki_","8":"first","9":"instock","10":"shipping-taxable","11":"product-type-simple"},"acf":[],"_links":{"self":[{"href":"https:\/\/betarom-fastening.ro\/en\/wp-json\/wp\/v2\/product\/1575","targetHints":{"allow":["GET"]}}],"collection":[{"href":"https:\/\/betarom-fastening.ro\/en\/wp-json\/wp\/v2\/product"}],"about":[{"href":"https:\/\/betarom-fastening.ro\/en\/wp-json\/wp\/v2\/types\/product"}],"replies":[{"embeddable":true,"href":"https:\/\/betarom-fastening.ro\/en\/wp-json\/wp\/v2\/comments?post=1575"}],"wp:featuredmedia":[{"embeddable":true,"href":"https:\/\/betarom-fastening.ro\/en\/wp-json\/wp\/v2\/media\/1626"}],"wp:attachment":[{"href":"https:\/\/betarom-fastening.ro\/en\/wp-json\/wp\/v2\/media?parent=1575"}],"wp:term":[{"taxonomy":"product_brand","embeddable":true,"href":"https:\/\/betarom-fastening.ro\/en\/wp-json\/wp\/v2\/product_brand?post=1575"},{"taxonomy":"product_cat","embeddable":true,"href":"https:\/\/betarom-fastening.ro\/en\/wp-json\/wp\/v2\/product_cat?post=1575"},{"taxonomy":"product_tag","embeddable":true,"href":"https:\/\/betarom-fastening.ro\/en\/wp-json\/wp\/v2\/product_tag?post=1575"},{"taxonomy":"branze","embeddable":true,"href":"https:\/\/betarom-fastening.ro\/en\/wp-json\/wp\/v2\/branze?post=1575"}],"curies":[{"name":"wp","href":"https:\/\/api.w.org\/{rel}","templated":true}]}}