{"id":157100,"date":"2025-12-04T15:05:39","date_gmt":"2025-12-04T15:05:39","guid":{"rendered":"https:\/\/betarom-fastening.ro\/?post_type=product&#038;p=157100"},"modified":"2026-03-02T12:54:46","modified_gmt":"2026-03-02T12:54:46","slug":"bizon-b101-glue-gun","status":"publish","type":"product","link":"https:\/\/betarom-fastening.ro\/en\/produkt\/pistolet-klejowy-bizon-b101\/","title":{"rendered":"BIZON B101 glue gun"},"content":{"rendered":"","protected":false},"excerpt":{"rendered":"Lekki, uniwersalny pistolet do klej\u00f3w topliwych \u2013 wk\u0142ady 12 mm.\r\n\r\nPolecany wsz\u0119dzie tam gdzie stosowane s\u0105 niewielkie ilo\u015bci kleju.\r\n\r\nIdealny do klejenia drewna, papieru, zamykania ma\u0142ych opakowa\u0144, mocowania przewod\u00f3w, monta\u017cu dekoracji i kompozycji florystycznych.","protected":false},"featured_media":157101,"comment_status":"open","ping_status":"closed","template":"","meta":{"inline_featured_image":false},"product_brand":[],"product_cat":[410],"product_tag":[],"branze":[],"class_list":{"0":"post-157100","1":"product","2":"type-product","3":"status-publish","4":"has-post-thumbnail","6":"product_cat-pistolety-do-wkladow-o12-mm","8":"first","9":"instock","10":"shipping-taxable","11":"product-type-simple"},"acf":[],"_links":{"self":[{"href":"https:\/\/betarom-fastening.ro\/en\/wp-json\/wp\/v2\/product\/157100","targetHints":{"allow":["GET"]}}],"collection":[{"href":"https:\/\/betarom-fastening.ro\/en\/wp-json\/wp\/v2\/product"}],"about":[{"href":"https:\/\/betarom-fastening.ro\/en\/wp-json\/wp\/v2\/types\/product"}],"replies":[{"embeddable":true,"href":"https:\/\/betarom-fastening.ro\/en\/wp-json\/wp\/v2\/comments?post=157100"}],"wp:featuredmedia":[{"embeddable":true,"href":"https:\/\/betarom-fastening.ro\/en\/wp-json\/wp\/v2\/media\/157101"}],"wp:attachment":[{"href":"https:\/\/betarom-fastening.ro\/en\/wp-json\/wp\/v2\/media?parent=157100"}],"wp:term":[{"taxonomy":"product_brand","embeddable":true,"href":"https:\/\/betarom-fastening.ro\/en\/wp-json\/wp\/v2\/product_brand?post=157100"},{"taxonomy":"product_cat","embeddable":true,"href":"https:\/\/betarom-fastening.ro\/en\/wp-json\/wp\/v2\/product_cat?post=157100"},{"taxonomy":"product_tag","embeddable":true,"href":"https:\/\/betarom-fastening.ro\/en\/wp-json\/wp\/v2\/product_tag?post=157100"},{"taxonomy":"branze","embeddable":true,"href":"https:\/\/betarom-fastening.ro\/en\/wp-json\/wp\/v2\/branze?post=157100"}],"curies":[{"name":"wp","href":"https:\/\/api.w.org\/{rel}","templated":true}]}}