{"id":1547,"date":"2023-04-25T19:00:51","date_gmt":"2023-04-25T19:00:51","guid":{"rendered":"http:\/\/test.bizea.com.pl\/\/\/\/\/?post_type=product&#038;p=1547"},"modified":"2025-01-22T14:04:26","modified_gmt":"2025-01-22T14:04:26","slug":"wire-coupled-nails","status":"publish","type":"product","link":"https:\/\/betarom-fastening.ro\/en\/produkt\/gwozdzie-laczone-drutem\/","title":{"rendered":"Coil nails"},"content":{"rendered":"","protected":false},"excerpt":{"rendered":"Gwo\u017adzie w zwojach po\u0142\u0105czone drutem, do wbijania za pomoc\u0105 narz\u0119dzi z magazynkiem b\u0119bnowym.\r\n\r\nR\u00f3\u017cne wykonania rdzenia i ostrzy pokazane na rysunku, wersje: BK- bez pokrycia, NK \u2013 ocynkowane elektrolitycznie, NR \u2013 wykonane ze stali nierdzewnej.\r\n\r\nZwoje standardowe do r\u0119cznych gwo\u017adziarek oraz du\u017ce zwoje JUMBO do magazynk\u00f3w stosownych na maszynach i robotach.\r\n\r\nGwo\u017adzie budowlane og\u00f3lnego przeznaczenia produkowane s\u0105 zgodnie z wymaganiami normy PN-EN 10230-1 z pa\u017adziernika 2003 roku, kt\u00f3ra jest polsk\u0105 wersj\u0105 normy europejskiej EN 10230-1: 1999 przyj\u0119tej przez CEN 3 pa\u017adziernika 1999 roku.","protected":false},"featured_media":4549,"comment_status":"open","ping_status":"closed","template":"","meta":{"inline_featured_image":false},"product_brand":[],"product_cat":[327],"product_tag":[],"branze":[],"class_list":{"0":"post-1547","1":"product","2":"type-product","3":"status-publish","4":"has-post-thumbnail","6":"product_cat-gwozdzie-laczone-drutem","8":"first","9":"instock","10":"shipping-taxable","11":"product-type-simple"},"acf":[],"_links":{"self":[{"href":"https:\/\/betarom-fastening.ro\/en\/wp-json\/wp\/v2\/product\/1547","targetHints":{"allow":["GET"]}}],"collection":[{"href":"https:\/\/betarom-fastening.ro\/en\/wp-json\/wp\/v2\/product"}],"about":[{"href":"https:\/\/betarom-fastening.ro\/en\/wp-json\/wp\/v2\/types\/product"}],"replies":[{"embeddable":true,"href":"https:\/\/betarom-fastening.ro\/en\/wp-json\/wp\/v2\/comments?post=1547"}],"wp:featuredmedia":[{"embeddable":true,"href":"https:\/\/betarom-fastening.ro\/en\/wp-json\/wp\/v2\/media\/4549"}],"wp:attachment":[{"href":"https:\/\/betarom-fastening.ro\/en\/wp-json\/wp\/v2\/media?parent=1547"}],"wp:term":[{"taxonomy":"product_brand","embeddable":true,"href":"https:\/\/betarom-fastening.ro\/en\/wp-json\/wp\/v2\/product_brand?post=1547"},{"taxonomy":"product_cat","embeddable":true,"href":"https:\/\/betarom-fastening.ro\/en\/wp-json\/wp\/v2\/product_cat?post=1547"},{"taxonomy":"product_tag","embeddable":true,"href":"https:\/\/betarom-fastening.ro\/en\/wp-json\/wp\/v2\/product_tag?post=1547"},{"taxonomy":"branze","embeddable":true,"href":"https:\/\/betarom-fastening.ro\/en\/wp-json\/wp\/v2\/branze?post=1547"}],"curies":[{"name":"wp","href":"https:\/\/api.w.org\/{rel}","templated":true}]}}