{"id":1537,"date":"2023-04-25T19:00:48","date_gmt":"2023-04-25T19:00:48","guid":{"rendered":"http:\/\/test.bizea.com.pl\/\/\/\/\/?post_type=product&#038;p=1537"},"modified":"2024-11-14T12:29:25","modified_gmt":"2024-11-14T12:29:25","slug":"bea-sk-338-616-pinner","status":"publish","type":"product","link":"https:\/\/betarom-fastening.ro\/en\/produkt\/sztyfciarka-bea-sk-338-616\/","title":{"rendered":"BeA SK 338-616 pinning machine"},"content":{"rendered":"","protected":false},"excerpt":{"rendered":"Wbijarka pneumatyczna do sztyft\u00f3w z \u0142bem typ SK300 (drut \u015brednicy 1,2 mm) o d\u0142ugo\u015bci od 22 mm do 38 mm.\r\n\r\nNarz\u0119dzie oferowane w dw\u00f3ch wykonaniach:\r\nModel podstawowy : <strong>SK 338-616C<\/strong> \u2013 z bezpiecznikiem dotykowym umo\u017cliwiaj\u0105cym wbijanie z naci\u015bni\u0119tym spustem przez dotyk nosa do materia\u0142u (szybkie wbijanie, jak m\u0142otkiem)\r\nModel: <strong>SK 338-616E<\/strong> \u2013 with a fuse for single shots, Protection against accidental penetration after touching the material \u2013 slower work, tool approved for working on a ladder, scaffolding, etc.\r\n\r\n<div class=\"wp-block-button\"><a class=\"wp-block-button__link wp-element-button\" target=\"_blank\" href=\"https:\/\/betarom-fastening.ro\/system\/schemat.php?urzadzenie=SK338-616C\" rel=\"noopener\">Order spare parts<\/a><\/div>","protected":false},"featured_media":1567,"comment_status":"open","ping_status":"closed","template":"","meta":{"inline_featured_image":false},"product_brand":[],"product_cat":[360],"product_tag":[],"branze":[],"class_list":{"0":"post-1537","1":"product","2":"type-product","3":"status-publish","4":"has-post-thumbnail","6":"product_cat-sztyfciarki","8":"first","9":"instock","10":"shipping-taxable","11":"product-type-simple"},"acf":[],"_links":{"self":[{"href":"https:\/\/betarom-fastening.ro\/en\/wp-json\/wp\/v2\/product\/1537","targetHints":{"allow":["GET"]}}],"collection":[{"href":"https:\/\/betarom-fastening.ro\/en\/wp-json\/wp\/v2\/product"}],"about":[{"href":"https:\/\/betarom-fastening.ro\/en\/wp-json\/wp\/v2\/types\/product"}],"replies":[{"embeddable":true,"href":"https:\/\/betarom-fastening.ro\/en\/wp-json\/wp\/v2\/comments?post=1537"}],"wp:featuredmedia":[{"embeddable":true,"href":"https:\/\/betarom-fastening.ro\/en\/wp-json\/wp\/v2\/media\/1567"}],"wp:attachment":[{"href":"https:\/\/betarom-fastening.ro\/en\/wp-json\/wp\/v2\/media?parent=1537"}],"wp:term":[{"taxonomy":"product_brand","embeddable":true,"href":"https:\/\/betarom-fastening.ro\/en\/wp-json\/wp\/v2\/product_brand?post=1537"},{"taxonomy":"product_cat","embeddable":true,"href":"https:\/\/betarom-fastening.ro\/en\/wp-json\/wp\/v2\/product_cat?post=1537"},{"taxonomy":"product_tag","embeddable":true,"href":"https:\/\/betarom-fastening.ro\/en\/wp-json\/wp\/v2\/product_tag?post=1537"},{"taxonomy":"branze","embeddable":true,"href":"https:\/\/betarom-fastening.ro\/en\/wp-json\/wp\/v2\/branze?post=1537"}],"curies":[{"name":"wp","href":"https:\/\/api.w.org\/{rel}","templated":true}]}}