{"id":1513,"date":"2023-04-25T19:00:22","date_gmt":"2023-04-25T19:00:22","guid":{"rendered":"http:\/\/test.bizea.com.pl\/\/\/\/\/?post_type=product&#038;p=1513"},"modified":"2026-03-01T15:02:55","modified_gmt":"2026-03-01T15:02:55","slug":"bea-145-40-779c-stapler","status":"publish","type":"product","link":"https:\/\/betarom-fastening.ro\/en\/produkt\/zszywacz-bea-145-40-779c\/","title":{"rendered":"BeA 145\/40-779C stapler"},"content":{"rendered":"","protected":false},"excerpt":{"rendered":"Nowy model\r\nLekki, szybki, dobrze wywa\u017cony\r\n\r\nMocowanie warstw tektury falistej i tektury, po\u0142\u0105czenia doczo\u0142owe w meblach i konstrukcji szkieletowej, mocowanie pokry\u0107 dachowych i gont\u00f3w, oraz pod\u0142\u00f3g. Zabezpieczenie nakr\u0119tek k\u0142owych.\r\n<div class=\"wp-block-button\"><a class=\"wp-block-button__link wp-element-button\" href=\"https:\/\/betarom-fastening.ro\/system\/schemat.php?urzadzenie=145x40-779C\" target=\"_blank\" rel=\"noopener\">Order spare parts<\/a><\/div>","protected":false},"featured_media":1078,"comment_status":"open","ping_status":"closed","template":"","meta":{"inline_featured_image":false},"product_brand":[],"product_cat":[364,358],"product_tag":[],"branze":[],"class_list":{"0":"post-1513","1":"product","2":"type-product","3":"status-publish","4":"has-post-thumbnail","6":"product_cat-wbijarki-do-nakretek-klowych","7":"product_cat-zszywacze_","9":"first","10":"instock","11":"shipping-taxable","12":"product-type-simple"},"acf":[],"_links":{"self":[{"href":"https:\/\/betarom-fastening.ro\/en\/wp-json\/wp\/v2\/product\/1513","targetHints":{"allow":["GET"]}}],"collection":[{"href":"https:\/\/betarom-fastening.ro\/en\/wp-json\/wp\/v2\/product"}],"about":[{"href":"https:\/\/betarom-fastening.ro\/en\/wp-json\/wp\/v2\/types\/product"}],"replies":[{"embeddable":true,"href":"https:\/\/betarom-fastening.ro\/en\/wp-json\/wp\/v2\/comments?post=1513"}],"wp:featuredmedia":[{"embeddable":true,"href":"https:\/\/betarom-fastening.ro\/en\/wp-json\/wp\/v2\/media\/1078"}],"wp:attachment":[{"href":"https:\/\/betarom-fastening.ro\/en\/wp-json\/wp\/v2\/media?parent=1513"}],"wp:term":[{"taxonomy":"product_brand","embeddable":true,"href":"https:\/\/betarom-fastening.ro\/en\/wp-json\/wp\/v2\/product_brand?post=1513"},{"taxonomy":"product_cat","embeddable":true,"href":"https:\/\/betarom-fastening.ro\/en\/wp-json\/wp\/v2\/product_cat?post=1513"},{"taxonomy":"product_tag","embeddable":true,"href":"https:\/\/betarom-fastening.ro\/en\/wp-json\/wp\/v2\/product_tag?post=1513"},{"taxonomy":"branze","embeddable":true,"href":"https:\/\/betarom-fastening.ro\/en\/wp-json\/wp\/v2\/branze?post=1513"}],"curies":[{"name":"wp","href":"https:\/\/api.w.org\/{rel}","templated":true}]}}