{"id":1512,"date":"2023-04-25T19:00:22","date_gmt":"2023-04-25T19:00:22","guid":{"rendered":"http:\/\/test.bizea.com.pl\/\/\/\/\/?post_type=product&#038;p=1512"},"modified":"2024-11-14T10:22:55","modified_gmt":"2024-11-14T10:22:55","slug":"bea-180-65-835c-skater-stapler","status":"publish","type":"product","link":"https:\/\/betarom-fastening.ro\/en\/produkt\/zszywacz-bea-180-65-835c-skater\/","title":{"rendered":"BeA 180\/65-835C Skater stapler"},"content":{"rendered":"","protected":false},"excerpt":{"rendered":"Najnowsze rozwi\u0105zanie firmy BeA jako alternatywa dla du\u017cych i drogich most\u00f3w monta\u017cowych przy produkcji element\u00f3w \u015bcian dom\u00f3w, szkielet\u00f3w drewnianych, skrzy\u0144 \u0142adunkowych i innych.\r\n\r\nZmodyfikowane narz\u0119dzie r\u0119czne jest zamontowane na platformie z k\u00f3\u0142kami. Operator prowadzi urz\u0105dzenie wzd\u0142u\u017c kraw\u0119dzi elementu za pomoc\u0105 przyk\u0142adnicy z rolkami lub wzd\u0142u\u017c linia\u0142u na \u015brodku p\u0142yty. Urz\u0105dzenie samoczynnie wyzwala kolejne strza\u0142y w ustawionych jednakowych odleg\u0142o\u015bciach niezale\u017cnych od pr\u0119dko\u015bci przesuwania.\r\n\r\nNa tej samej platformie mo\u017cna zamontowa\u0107 zszywacz: 180\/65-835C lub gwo\u017adziark\u0119 800 DC","protected":false},"featured_media":1077,"comment_status":"open","ping_status":"closed","template":"","meta":{"inline_featured_image":false},"product_brand":[],"product_cat":[358],"product_tag":[],"branze":[],"class_list":{"0":"post-1512","1":"product","2":"type-product","3":"status-publish","4":"has-post-thumbnail","6":"product_cat-zszywacze_","8":"first","9":"instock","10":"shipping-taxable","11":"product-type-simple"},"acf":[],"_links":{"self":[{"href":"https:\/\/betarom-fastening.ro\/en\/wp-json\/wp\/v2\/product\/1512","targetHints":{"allow":["GET"]}}],"collection":[{"href":"https:\/\/betarom-fastening.ro\/en\/wp-json\/wp\/v2\/product"}],"about":[{"href":"https:\/\/betarom-fastening.ro\/en\/wp-json\/wp\/v2\/types\/product"}],"replies":[{"embeddable":true,"href":"https:\/\/betarom-fastening.ro\/en\/wp-json\/wp\/v2\/comments?post=1512"}],"wp:featuredmedia":[{"embeddable":true,"href":"https:\/\/betarom-fastening.ro\/en\/wp-json\/wp\/v2\/media\/1077"}],"wp:attachment":[{"href":"https:\/\/betarom-fastening.ro\/en\/wp-json\/wp\/v2\/media?parent=1512"}],"wp:term":[{"taxonomy":"product_brand","embeddable":true,"href":"https:\/\/betarom-fastening.ro\/en\/wp-json\/wp\/v2\/product_brand?post=1512"},{"taxonomy":"product_cat","embeddable":true,"href":"https:\/\/betarom-fastening.ro\/en\/wp-json\/wp\/v2\/product_cat?post=1512"},{"taxonomy":"product_tag","embeddable":true,"href":"https:\/\/betarom-fastening.ro\/en\/wp-json\/wp\/v2\/product_tag?post=1512"},{"taxonomy":"branze","embeddable":true,"href":"https:\/\/betarom-fastening.ro\/en\/wp-json\/wp\/v2\/branze?post=1512"}],"curies":[{"name":"wp","href":"https:\/\/api.w.org\/{rel}","templated":true}]}}