{"id":1510,"date":"2023-04-25T19:00:22","date_gmt":"2023-04-25T19:00:22","guid":{"rendered":"http:\/\/test.bizea.com.pl\/\/\/\/\/?post_type=product&#038;p=1510"},"modified":"2024-11-14T10:21:29","modified_gmt":"2024-11-14T10:21:29","slug":"bea-180-65-835c-stapler","status":"publish","type":"product","link":"https:\/\/betarom-fastening.ro\/en\/produkt\/zszywacz-bea-180-65-835c\/","title":{"rendered":"BeA 180\/65-835C stapler"},"content":{"rendered":"","protected":false},"excerpt":{"rendered":"Zszywacz pneumatyczny 180\/65-835C to przedstawiciel ca\u0142kowicie nowej linii zszywaczy konstrukcyjnych opracowanych i produkowanych w BeA Deutschland.\r\n\r\nNowa konstrukcja charakteryzuje si\u0119 doskona\u0142ym t\u0142umieniem ha\u0142asu przy zwi\u0119kszonej sile wbijania.\r\n\r\nKszta\u0142t korpusu nie przypomina dotychczasowego wzornictwa BeA i wyr\u00f3\u017cnia si\u0119 niespotykan\u0105 prostot\u0105, w kt\u00f3rej wida\u0107 d\u0105\u017cenie do optymalnej ergonomii pracy.\r\n\r\n<div class=\"wp-block-button\"><a class=\"wp-block-button__link wp-element-button\" target=\"_blank\" href=\"https:\/\/betarom-fastening.ro\/system\/schemat.php?urzadzenie=180x65-835C\" rel=\"noopener\">Order spare parts<\/a><\/div>","protected":false},"featured_media":1075,"comment_status":"open","ping_status":"closed","template":"","meta":{"inline_featured_image":false},"product_brand":[],"product_cat":[358],"product_tag":[],"branze":[],"class_list":{"0":"post-1510","1":"product","2":"type-product","3":"status-publish","4":"has-post-thumbnail","6":"product_cat-zszywacze_","8":"first","9":"instock","10":"shipping-taxable","11":"product-type-simple"},"acf":[],"_links":{"self":[{"href":"https:\/\/betarom-fastening.ro\/en\/wp-json\/wp\/v2\/product\/1510","targetHints":{"allow":["GET"]}}],"collection":[{"href":"https:\/\/betarom-fastening.ro\/en\/wp-json\/wp\/v2\/product"}],"about":[{"href":"https:\/\/betarom-fastening.ro\/en\/wp-json\/wp\/v2\/types\/product"}],"replies":[{"embeddable":true,"href":"https:\/\/betarom-fastening.ro\/en\/wp-json\/wp\/v2\/comments?post=1510"}],"wp:featuredmedia":[{"embeddable":true,"href":"https:\/\/betarom-fastening.ro\/en\/wp-json\/wp\/v2\/media\/1075"}],"wp:attachment":[{"href":"https:\/\/betarom-fastening.ro\/en\/wp-json\/wp\/v2\/media?parent=1510"}],"wp:term":[{"taxonomy":"product_brand","embeddable":true,"href":"https:\/\/betarom-fastening.ro\/en\/wp-json\/wp\/v2\/product_brand?post=1510"},{"taxonomy":"product_cat","embeddable":true,"href":"https:\/\/betarom-fastening.ro\/en\/wp-json\/wp\/v2\/product_cat?post=1510"},{"taxonomy":"product_tag","embeddable":true,"href":"https:\/\/betarom-fastening.ro\/en\/wp-json\/wp\/v2\/product_tag?post=1510"},{"taxonomy":"branze","embeddable":true,"href":"https:\/\/betarom-fastening.ro\/en\/wp-json\/wp\/v2\/branze?post=1510"}],"curies":[{"name":"wp","href":"https:\/\/api.w.org\/{rel}","templated":true}]}}