{"id":1505,"date":"2023-04-25T19:00:20","date_gmt":"2023-04-25T19:00:20","guid":{"rendered":"http:\/\/test.bizea.com.pl\/\/\/\/\/?post_type=product&#038;p=1505"},"modified":"2024-11-14T10:19:48","modified_gmt":"2024-11-14T10:19:48","slug":"bea-14-40-770-ccon-stapler","status":"publish","type":"product","link":"https:\/\/betarom-fastening.ro\/en\/produkt\/zszywacz-bea-14-40-770-ccon\/","title":{"rendered":"BeA 14\/40-770 CCon stapler"},"content":{"rendered":"","protected":false},"excerpt":{"rendered":"Zszywacz pneumatyczny stolarski (konstrukcyjny) do zszywek typu: 14 oraz 16 o d\u0142ugo\u015bci od 18 mm do 40 mm.\r\n\r\nModel polecany do monta\u017cu konstrukcji w meblarstwie 14\/40-770 C Construction\r\n\u2013 z bezpiecznikiem dotykowym umo\u017cliwiaj\u0105cym wbijanie z naci\u015bni\u0119tym spustem przez dotyk nosa do materia\u0142u (szybkie wbijanie, jak m\u0142otkiem)\r\n\r\n<div class=\"wp-block-button\"><a class=\"wp-block-button__link wp-element-button\" target=\"_blank\" href=\"https:\/\/betarom-fastening.ro\/system\/schemat.php?urzadzenie=14x40-770CC\" rel=\"noopener\">Order spare parts<\/a><\/div>","protected":false},"featured_media":1070,"comment_status":"open","ping_status":"closed","template":"","meta":{"inline_featured_image":false},"product_brand":[],"product_cat":[358],"product_tag":[],"branze":[],"class_list":{"0":"post-1505","1":"product","2":"type-product","3":"status-publish","4":"has-post-thumbnail","6":"product_cat-zszywacze_","8":"first","9":"instock","10":"shipping-taxable","11":"product-type-simple"},"acf":[],"_links":{"self":[{"href":"https:\/\/betarom-fastening.ro\/en\/wp-json\/wp\/v2\/product\/1505","targetHints":{"allow":["GET"]}}],"collection":[{"href":"https:\/\/betarom-fastening.ro\/en\/wp-json\/wp\/v2\/product"}],"about":[{"href":"https:\/\/betarom-fastening.ro\/en\/wp-json\/wp\/v2\/types\/product"}],"replies":[{"embeddable":true,"href":"https:\/\/betarom-fastening.ro\/en\/wp-json\/wp\/v2\/comments?post=1505"}],"wp:featuredmedia":[{"embeddable":true,"href":"https:\/\/betarom-fastening.ro\/en\/wp-json\/wp\/v2\/media\/1070"}],"wp:attachment":[{"href":"https:\/\/betarom-fastening.ro\/en\/wp-json\/wp\/v2\/media?parent=1505"}],"wp:term":[{"taxonomy":"product_brand","embeddable":true,"href":"https:\/\/betarom-fastening.ro\/en\/wp-json\/wp\/v2\/product_brand?post=1505"},{"taxonomy":"product_cat","embeddable":true,"href":"https:\/\/betarom-fastening.ro\/en\/wp-json\/wp\/v2\/product_cat?post=1505"},{"taxonomy":"product_tag","embeddable":true,"href":"https:\/\/betarom-fastening.ro\/en\/wp-json\/wp\/v2\/product_tag?post=1505"},{"taxonomy":"branze","embeddable":true,"href":"https:\/\/betarom-fastening.ro\/en\/wp-json\/wp\/v2\/branze?post=1505"}],"curies":[{"name":"wp","href":"https:\/\/api.w.org\/{rel}","templated":true}]}}